{"id":20270,"date":"2023-09-25T08:47:03","date_gmt":"2023-09-25T08:47:03","guid":{"rendered":"https:\/\/gimeco.com\/tecnologie\/neutralization-regeneration\/"},"modified":"2024-05-30T14:58:11","modified_gmt":"2024-05-30T14:58:11","slug":"neutralizzazione-rigenerazione","status":"publish","type":"page","link":"https:\/\/gimeco.com\/it\/neutralizzazione-rigenerazione\/","title":{"rendered":"Neutralizzazione \u2013 Rigenerazione"},"content":{"rendered":"<div class=\"vgblk-rw-wrapper limit-wrapper\">\n\n\tI sistemi di rigenerazione degli acidi, di rigenerazione del flusso e di neutralizzazione degli acidi rappresentano il logico completamento di un impianto di zincatura a caldo. Con essi \u00e8 possibile <strong>migliorare significativamente sia l&#8217;impatto ambientale<\/strong> che l&#8217;<strong>efficienza produttiva <\/strong>della linea di zincatura. L&#8217;industria ha bisogno di rinnovare la propria immagine e la <strong>logica del rispetto ambientale <\/strong>\u00e8 la strada maestra per migliorare la propria reputazione.<br \/>\nUn altro notevole vantaggio dell&#8217;introduzione di unit\u00e0 di rigenerazione e neutralizzazione all&#8217;interno della vostra azienda riguarda il significativo <strong>risparmio di costi<\/strong> ottenuto grazie alla riduzione degli smaltimenti.\n<p>Allo stesso modo, nel caso della rigenerazione degli acidi esausti, la conseguente produzione di <strong>solfati ferrosi<\/strong>, potenti fertilizzanti per il suolo, costituisce un eccellente esempio di <strong>economia circolare<\/strong>. Il valore aggiunto apportato dalla diminuzione dell&#8217;impronta ecologica permette alla zincatura di emergere nella preservazione dell&#8217;ecosistema; pertanto, queste unit\u00e0 non possono mancare nei moderni impianti.<\/p>\n<h3>\n\t<strong>Unit\u00e0 di rigenerazione del flussaggio esausto<\/strong>\n\t<\/h3>\n\t<p>Questo processo prevede il <strong>riciclo<\/strong> della soluzione di flussaggio in un&#8217;unit\u00e0 di <strong>trattamento<\/strong> a circuito chiuso. Aggiungendo perossido di idrogeno e ammoniaca, il ferro presente nella soluzione viene separato come fango di idrossido di ferro non pericoloso, che pu\u00f2 essere facilmente smaltito nelle discariche autorizzate. La soluzione del serbatoio di flussaggio esausto viene sottoposta a diversi passaggi che includono ossidazione, neutralizzazione, decantazione dei fanghi e filtropressa per la depurazione.<\/p>\nIl pH della soluzione viene monitorato automaticamente e regolato con il reagente alcalino appropriato. Contemporaneamente, vengono controllati i livelli di redox per dosare la quantit\u00e0 corretta di perossido di idrogeno al fine della corretta ossidazione del ferro, con conseguente precipitazione dell&#8217;idrossido ferrico nel serbatoio di decantazione dei fanghi.<br \/>\nLa <strong>filtropressa<\/strong> separa i fanghi solidi dalla <strong>soluzione di flussaggio limpida<\/strong>, che viene restituita al serbatoio di flussaggio per le operazioni di pretrattamento. Questa unit\u00e0 funziona automaticamente, con uno scarico manuale periodico dei fanghi dalla filtropressa.\n\t\t\tCaratteristiche\n\t\t<p><strong>Controllo del contenuto di ferro<br \/><\/strong>Il contenuto di ferro nella soluzione di flussaggio viene mantenuto sotto la concentrazione di 5 g\/l <em>(0,667 oz\/gal).<\/em><strong>Risparmio di zinco<br \/><\/strong>Riducendo il contenuto di ferro nel flussaggio, si producono meno matte e ceneri, con conseguente minor consumo di zinco.<strong>Migliore qualit\u00e0 dei prodotti finiti<br \/><\/strong>Un bagno di zinco pi\u00f9 pulito porta a una migliore qualit\u00e0 dei prodotti finiti.<strong>Versatile<\/strong><\/p>\n<h3>\n\t<b>Unit\u00e0 di rigenerazione dell&#8217;acido esausto<\/b>\n\t<\/h3>\n\t<p>L&#8217;unit\u00e0 di rigenerazione degli acidi <strong>recupera l&#8217;acido cloridrico <\/strong>dalle soluzioni decapanti esauste. A differenza dei comuni processi di rigenerazione, viene utilizzato come reagente l&#8217;acido solforico. L&#8217;acido rigenerato \u00e8 privo di contaminanti come solfati, ferro e zinco. L&#8217;unit\u00e0 di evaporazione dell&#8217;apparecchiatura funziona sotto forte vacuum.<\/p>\n<p>Il sottoprodotto del processo di rigenerazione \u00e8 il solfato ferroso, <strong>potente agente fertilizzante<\/strong> del suolo, che viene prodotto come cristallo solido e separato attraverso una filtropressa. Questa tecnologia \u00e8 in grado di gestire una presenza significativa di cloruro di zinco nell&#8217;acido decapante esaurito. L&#8217;apparecchiatura \u00e8 progettata per funzionare con serbatoi di stoccaggio per gli acidi esausti e rigenerati.<\/p>\n\t\t\tCaratteristiche\n\t\t<p><strong>Ciclo basato sull&#8217;acido solforico<br \/><\/strong>L&#8217;H<sub>2<\/sub>SO<sub>4 <\/sub>viene utilizzato come reagente per il recupero dell&#8217;HCl.<strong>Elevata efficacia<br \/><\/strong>E&#8217; possibile recuperare la quasi totalit\u00e0 <em>(95\u00f797%)<\/em> dell&#8217;acido dalle soluzioni decapanti esauste. L&#8217;HCl viene recuperato a una concentrazione del 19\u00f721%.<strong>Sottoprodotti ecologici<br \/><\/strong>La reazione genera principalmente FeSO<sub>4<\/sub> idrato <em>(solfato ferroso),<\/em> un agente fertilizzante del suolo.<strong>Bilancio economico positivo<\/strong><\/p>\n<h3>\n\t<strong> Unit\u00e0 di neutralizzazione degli acidi e di riciclaggio dell&#8217;acqua<\/strong>\n\t<\/h3>\n\t<p>Il processo di <strong>trattamento delle acque reflue<\/strong> prevede la raccolta, la neutralizzazione del loro livello di acidit\u00e0 e l&#8217;aggiunta della giusta quantit\u00e0 di acido e soda esausti.<\/p>\n<p>Questo impianto pu\u00f2 gestire i liquidi di scarto della zincatura, riciclare le acque di risciacquo e mantenere i livelli di pH. Funziona <strong>automaticamente<\/strong> e richiede occasionalmente la rimozione manuale dei fanghi.<\/p>\n\t\t\tCaratteristiche\n\t\t<p><strong>Trattamento della soluzione esausta di decapaggio<br \/><\/strong>Lo scopo principale \u00e8 il trattamento della soluzione esausta di acido cloridrico proveniente dal decapaggio e destinata allo smaltimento.<strong>Versatile<br \/><\/strong>L&#8217;impianto \u00e8 in grado di trattare soluzioni acide esauste con diverse concentrazioni di ferro disciolto e acidit\u00e0 libera <em>(tipicamente: 130\u00f7170g\/l o 17,37\u00f722,71oz\/gal di ferro e 50\u00f730g\/l o 4\u00f76.6oz\/gal di acidit\u00e0 libera).<\/em><strong>Affidabile<br \/><\/strong>Grazie all&#8217;impianto di neutralizzazione, il ferro e gli altri metalli disciolti nell&#8217;acido precipitano sotto forma di idrossidi; la soda viene utilizzata per neutralizzare l&#8217;acidit\u00e0, raggiungendo il pH ideale per la precipitazione del composto idrossido.<strong>Produzione di acqua<br \/><\/strong>L&#8217;acqua prodotta, ad alto contenuto di sali, pu\u00f2 essere utilizzata o trattata in modo opportuno.<\/p>\n\n<\/div><!-- .vgblk-rw-wrapper -->","protected":false},"excerpt":{"rendered":"<p>I sistemi di rigenerazione degli acidi, di rigenerazione del flusso e di neutralizzazione degli acidi rappresentano il logico completamento di un impianto di zincatura a caldo. Con essi \u00e8 possibile migliorare significativamente sia l&#8217;impatto ambientale che l&#8217;efficienza produttiva della linea di zincatura. L&#8217;industria ha bisogno di rinnovare la propria immagine e la logica del rispetto&#8230;<\/p>\n","protected":false},"author":1,"featured_media":0,"parent":0,"menu_order":0,"comment_status":"closed","ping_status":"closed","template":"","meta":{"inline_featured_image":false,"footnotes":""},"class_list":["post-20270","page","type-page","status-publish","hentry"],"yoast_head":"<!-- This site is optimized with the Yoast SEO plugin v26.4 - https:\/\/yoast.com\/wordpress\/plugins\/seo\/ -->\n<title>Neutralizzazione \u2013 Rigenerazione | GIMECO Impianti<\/title>\n<meta name=\"description\" content=\"I sistemi di rigenerazione degli acidi, di rigenerazione del flusso e di neutralizzazione degli acidi rappresentano il logico completamento\" \/>\n<meta name=\"robots\" content=\"index, follow, max-snippet:-1, max-image-preview:large, max-video-preview:-1\" \/>\n<link rel=\"canonical\" href=\"https:\/\/gimeco.com\/neutralisation-regeneration\/\" \/>\n<meta property=\"og:locale\" content=\"it_IT\" \/>\n<meta property=\"og:type\" content=\"article\" \/>\n<meta property=\"og:title\" content=\"Neutralizzazione \u2013 Rigenerazione | GIMECO Impianti\" \/>\n<meta property=\"og:description\" content=\"I sistemi di rigenerazione degli acidi, di rigenerazione del flusso e di neutralizzazione degli acidi rappresentano il logico completamento\" \/>\n<meta property=\"og:url\" content=\"https:\/\/gimeco.com\/neutralisation-regeneration\/\" \/>\n<meta property=\"og:site_name\" content=\"GIMECO Impianti\" \/>\n<meta property=\"article:publisher\" content=\"https:\/\/www.facebook.com\/gimecogroup\" \/>\n<meta property=\"article:modified_time\" content=\"2024-05-30T14:58:11+00:00\" \/>\n<meta property=\"og:image\" content=\"https:\/\/gimeco.com\/wp-content\/uploads\/2023\/11\/Logo_GIMECO_StringNoPayoff-250.png\" \/>\n\t<meta property=\"og:image:width\" content=\"250\" \/>\n\t<meta property=\"og:image:height\" content=\"98\" \/>\n\t<meta property=\"og:image:type\" content=\"image\/png\" \/>\n<script type=\"application\/ld+json\" class=\"yoast-schema-graph\">{\"@context\":\"https:\/\/schema.org\",\"@graph\":[{\"@type\":\"WebPage\",\"@id\":\"https:\/\/gimeco.com\/neutralisation-regeneration\/\",\"url\":\"https:\/\/gimeco.com\/neutralisation-regeneration\/\",\"name\":\"Neutralizzazione \u2013 Rigenerazione | GIMECO Impianti\",\"isPartOf\":{\"@id\":\"https:\/\/gimeco.com\/#website\"},\"datePublished\":\"2023-09-25T08:47:03+00:00\",\"dateModified\":\"2024-05-30T14:58:11+00:00\",\"description\":\"I sistemi di rigenerazione degli acidi, di rigenerazione del flusso e di neutralizzazione degli acidi rappresentano il logico completamento\",\"breadcrumb\":{\"@id\":\"https:\/\/gimeco.com\/neutralisation-regeneration\/#breadcrumb\"},\"inLanguage\":\"it-IT\",\"potentialAction\":[{\"@type\":\"ReadAction\",\"target\":[\"https:\/\/gimeco.com\/neutralisation-regeneration\/\"]}]},{\"@type\":\"BreadcrumbList\",\"@id\":\"https:\/\/gimeco.com\/neutralisation-regeneration\/#breadcrumb\",\"itemListElement\":[{\"@type\":\"ListItem\",\"position\":1,\"name\":\"Home\",\"item\":\"https:\/\/gimeco.com\/it\/\"},{\"@type\":\"ListItem\",\"position\":2,\"name\":\"Neutralizzazione \u2013 Rigenerazione\"}]},{\"@type\":\"WebSite\",\"@id\":\"https:\/\/gimeco.com\/#website\",\"url\":\"https:\/\/gimeco.com\/\",\"name\":\"gimeco.com\",\"description\":\"Your Partner from A to Zink\",\"publisher\":{\"@id\":\"https:\/\/gimeco.com\/#organization\"},\"alternateName\":\"Gimeco\",\"potentialAction\":[{\"@type\":\"SearchAction\",\"target\":{\"@type\":\"EntryPoint\",\"urlTemplate\":\"https:\/\/gimeco.com\/?s={search_term_string}\"},\"query-input\":{\"@type\":\"PropertyValueSpecification\",\"valueRequired\":true,\"valueName\":\"search_term_string\"}}],\"inLanguage\":\"it-IT\"},{\"@type\":\"Organization\",\"@id\":\"https:\/\/gimeco.com\/#organization\",\"name\":\"Gimeco\",\"url\":\"https:\/\/gimeco.com\/\",\"logo\":{\"@type\":\"ImageObject\",\"inLanguage\":\"it-IT\",\"@id\":\"https:\/\/gimeco.com\/#\/schema\/logo\/image\/\",\"url\":\"https:\/\/gimeco.com\/wp-content\/uploads\/2023\/11\/Logo_GIMECO_StringNoPayoff-250.png\",\"contentUrl\":\"https:\/\/gimeco.com\/wp-content\/uploads\/2023\/11\/Logo_GIMECO_StringNoPayoff-250.png\",\"width\":250,\"height\":98,\"caption\":\"Gimeco\"},\"image\":{\"@id\":\"https:\/\/gimeco.com\/#\/schema\/logo\/image\/\"},\"sameAs\":[\"https:\/\/www.facebook.com\/gimecogroup\"]}]}<\/script>\n<!-- \/ Yoast SEO plugin. -->","yoast_head_json":{"title":"Neutralizzazione \u2013 Rigenerazione | GIMECO Impianti","description":"I sistemi di rigenerazione degli acidi, di rigenerazione del flusso e di neutralizzazione degli acidi rappresentano il logico completamento","robots":{"index":"index","follow":"follow","max-snippet":"max-snippet:-1","max-image-preview":"max-image-preview:large","max-video-preview":"max-video-preview:-1"},"canonical":"https:\/\/gimeco.com\/neutralisation-regeneration\/","og_locale":"it_IT","og_type":"article","og_title":"Neutralizzazione \u2013 Rigenerazione | GIMECO Impianti","og_description":"I sistemi di rigenerazione degli acidi, di rigenerazione del flusso e di neutralizzazione degli acidi rappresentano il logico completamento","og_url":"https:\/\/gimeco.com\/neutralisation-regeneration\/","og_site_name":"GIMECO Impianti","article_publisher":"https:\/\/www.facebook.com\/gimecogroup","article_modified_time":"2024-05-30T14:58:11+00:00","og_image":[{"width":250,"height":98,"url":"https:\/\/gimeco.com\/wp-content\/uploads\/2023\/11\/Logo_GIMECO_StringNoPayoff-250.png","type":"image\/png"}],"schema":{"@context":"https:\/\/schema.org","@graph":[{"@type":"WebPage","@id":"https:\/\/gimeco.com\/neutralisation-regeneration\/","url":"https:\/\/gimeco.com\/neutralisation-regeneration\/","name":"Neutralizzazione \u2013 Rigenerazione | GIMECO Impianti","isPartOf":{"@id":"https:\/\/gimeco.com\/#website"},"datePublished":"2023-09-25T08:47:03+00:00","dateModified":"2024-05-30T14:58:11+00:00","description":"I sistemi di rigenerazione degli acidi, di rigenerazione del flusso e di neutralizzazione degli acidi rappresentano il logico completamento","breadcrumb":{"@id":"https:\/\/gimeco.com\/neutralisation-regeneration\/#breadcrumb"},"inLanguage":"it-IT","potentialAction":[{"@type":"ReadAction","target":["https:\/\/gimeco.com\/neutralisation-regeneration\/"]}]},{"@type":"BreadcrumbList","@id":"https:\/\/gimeco.com\/neutralisation-regeneration\/#breadcrumb","itemListElement":[{"@type":"ListItem","position":1,"name":"Home","item":"https:\/\/gimeco.com\/it\/"},{"@type":"ListItem","position":2,"name":"Neutralizzazione \u2013 Rigenerazione"}]},{"@type":"WebSite","@id":"https:\/\/gimeco.com\/#website","url":"https:\/\/gimeco.com\/","name":"gimeco.com","description":"Your Partner from A to Zink","publisher":{"@id":"https:\/\/gimeco.com\/#organization"},"alternateName":"Gimeco","potentialAction":[{"@type":"SearchAction","target":{"@type":"EntryPoint","urlTemplate":"https:\/\/gimeco.com\/?s={search_term_string}"},"query-input":{"@type":"PropertyValueSpecification","valueRequired":true,"valueName":"search_term_string"}}],"inLanguage":"it-IT"},{"@type":"Organization","@id":"https:\/\/gimeco.com\/#organization","name":"Gimeco","url":"https:\/\/gimeco.com\/","logo":{"@type":"ImageObject","inLanguage":"it-IT","@id":"https:\/\/gimeco.com\/#\/schema\/logo\/image\/","url":"https:\/\/gimeco.com\/wp-content\/uploads\/2023\/11\/Logo_GIMECO_StringNoPayoff-250.png","contentUrl":"https:\/\/gimeco.com\/wp-content\/uploads\/2023\/11\/Logo_GIMECO_StringNoPayoff-250.png","width":250,"height":98,"caption":"Gimeco"},"image":{"@id":"https:\/\/gimeco.com\/#\/schema\/logo\/image\/"},"sameAs":["https:\/\/www.facebook.com\/gimecogroup"]}]}},"_links":{"self":[{"href":"https:\/\/gimeco.com\/it\/wp-json\/wp\/v2\/pages\/20270","targetHints":{"allow":["GET"]}}],"collection":[{"href":"https:\/\/gimeco.com\/it\/wp-json\/wp\/v2\/pages"}],"about":[{"href":"https:\/\/gimeco.com\/it\/wp-json\/wp\/v2\/types\/page"}],"author":[{"embeddable":true,"href":"https:\/\/gimeco.com\/it\/wp-json\/wp\/v2\/users\/1"}],"replies":[{"embeddable":true,"href":"https:\/\/gimeco.com\/it\/wp-json\/wp\/v2\/comments?post=20270"}],"version-history":[{"count":11,"href":"https:\/\/gimeco.com\/it\/wp-json\/wp\/v2\/pages\/20270\/revisions"}],"predecessor-version":[{"id":22367,"href":"https:\/\/gimeco.com\/it\/wp-json\/wp\/v2\/pages\/20270\/revisions\/22367"}],"wp:attachment":[{"href":"https:\/\/gimeco.com\/it\/wp-json\/wp\/v2\/media?parent=20270"}],"curies":[{"name":"wp","href":"https:\/\/api.w.org\/{rel}","templated":true}]}}