{"id":20277,"date":"2023-10-16T12:59:45","date_gmt":"2023-10-16T12:59:45","guid":{"rendered":"https:\/\/gimeco.com\/tecnologie\/furnaces\/"},"modified":"2025-10-29T15:40:29","modified_gmt":"2025-10-29T15:40:29","slug":"forni","status":"publish","type":"page","link":"https:\/\/gimeco.com\/it\/forni\/","title":{"rendered":"Forni"},"content":{"rendered":"<div class=\"vgblk-rw-wrapper limit-wrapper\">\n<h2>\n\tNel<b> cuore dell&#8217;impianto<\/b>\n\t<\/h2>\n\t<p>Il forno \u00e8 il <strong>cuore pulsante dell&#8217;intero impianto<\/strong> di zincatura ed \u00e8 fondamentale sia per il mantenimento dello zinco fuso pronto all&#8217;uso sia per i processi di preparazione dei materiali, grazie alla <strong>gestione e al recupero del calore<\/strong>.<\/p>\n<p>La <strong>qualit\u00e0 ingegneristica<\/strong> implementata in questa parte critica del sistema influenza una serie di fattori chiave che vanno ben oltre la sua struttura, come l&#8217;<strong>efficienza energetica complessiva <\/strong>dell&#8217;impianto, la <strong>longevit\u00e0 della vasca di zincatura<\/strong>, la <strong>qualit\u00e0 intrinseca del prodotto finale<\/strong> e l&#8217;<strong>economia globale <\/strong>dell&#8217;impianto. La camera, isolata, \u00e8 assemblata con materiali accuratamente selezionati e l&#8217;unit\u00e0 termica \u00e8 progettata con estrema precisione, garantendo sia la longevit\u00e0 sia l&#8217;alta efficienza.<\/p>\n<p>\u00c8 qui infatti che convergono soluzioni tecnologiche innovative in termini di miglioramento dell&#8217;efficienza, <strong>automazione digitale<\/strong> e risparmio energetico, contribuendo alla <a href=\"https:\/\/gimeco.com\/it\/sostenibilita\/\"><strong>sostenibilit\u00e0<\/strong><\/a> e preservando una qualit\u00e0 senza compromessi.<\/p>\n<p>Nel tempo GIMECO ha compiuto <strong>passi rivoluzionari<\/strong>, con l&#8217;introduzione della tecnologia dual-chamber\u2122, un forno innovativo che rappresenta un salto generazionale nella gestione della combustione. Allo stesso modo, sono stati introdotti forni elettrici e ibridi gas-elettrici in risposta a specifiche <strong>esigenze di politiche energetiche e ambientali<\/strong>; in questo caso GIMECO \u00e8 stata tra le prime aziende a introdurre forni elettrici operativi nell&#8217;industria della zincatura a caldo fin dall&#8217;inizio degli anni 2000.<\/p>\n<h4>\n\tSeleziona i nostri forni\n\t<\/h4>\n\t<a href=\"https:\/\/gimeco.com\/it\/forni\/#1\" target=\"_self\" role=\"button\">\n\t\t\t\t\tAlta Velocit\u00e0 e <br \/> Fiamma piatta\n\t<\/a>\n\t<a href=\"https:\/\/gimeco.com\/it\/forni\/#3\" target=\"_self\" role=\"button\">\n\t\t\t\t\tIbridi e Elettrici\n\t<\/a>\n\t<a href=\"https:\/\/gimeco.com\/it\/forni\/#6\" target=\"_self\" role=\"button\">\n\t\t\t\t\tAlta temperatura\n\t<\/a>\n<h5>\n\tCLASSICO\n\t<\/h5>\n<h3>\n\t<strong>Alta velocit\u00e0 dual-chamber\u2122<\/strong>\n\t<\/h3>\n\t<h3>Come avere due forni in uno<\/h3>\n<p>L&#8217;esperienza nelle tecnologie di riscaldamento accumulata negli anni e la naturale attitudine all&#8217;innovazione hanno portato GIMECO all&#8217;introduzione di un forno in grado di superare i limiti di quello standard ad alta velocit\u00e0.<\/p>\n\t\t\tCaratteristiche\n\t\t<p><strong>Design a doppia camera<br \/><\/strong>Originale GIMECO, \u00e8 come avere due forni indipendenti per ogni vasca.<strong>Fondo pi\u00f9 freddo<br \/><\/strong>Questo forno garantisce una sensibile differenza di temperatura tra lo strato inferiore e quello superiore del bagno di zinco. Tale differenza \u00e8 nota per essere un fattore positivo nel mantenere le matte separate dal resto dello zinco e ridurre drasticamente la loro circolazione nel bagno a causa della convezione termica.<strong>Inversione dei bruciatori<br \/><\/strong>Consente di commutare periodicamente i bruciatori per rendere il pi\u00f9 possibile uniforme lo stress termico sulla vasca.<strong>Doppio controllo della temperatura<br \/><\/strong>Ogni camera ha un proprio controllo PID.<strong>Interfaccia touch screen<br \/><\/strong>Controllo delta temperatura &#8211; Algoritmo adattivo e predittivo &#8211; Registro degli allarmi &#8211; Risoluzione dei problemi a distanza.<strong>Recupero del calore<\/strong><strong>Delta di temperatura<br \/><\/strong>Le temperature della camera alta e di quella bassa sono mantenute costantemente a un buon grado di separazione, consentendo un fondo pi\u00f9 freddo. La differenza tra la parte alta del bagno di zinco e quella bassa pu\u00f2 arrivare fino a 15\u00b0C <em>(59\u00b0F).<\/em><strong>Regolazione del delta di temperatura<br \/><\/strong>Grazie a misurazioni separate, lo zincatore pu\u00f2 regolare e mantenere il gradiente di temperatura preferito tra la parte superiore e quella inferiore della vasca.<strong>Facile installazione<br \/><\/strong>Nel caso in cui sia necessaria la sostituzione del forno attuale, un forno alta velocit\u00e0 a dual-chamber\u2122\u00a0pu\u00f2 essere installato facilmente al posto di un forno tradizionale standard se lo spazio tra il vecchio forno e il lato della parete \u00e8 di 30 cm<em> (12&#8243;).<\/em><strong>Modernizzato<br \/><\/strong>Nuovo posizionamento dei bruciatori &#8211; Nuovo algoritmo di azionamento bruciatori &#8211; Nuovo percorso di evacuazione dei fumi<\/p>\n\t\t\tVantaggi\n\t\t<p><strong>Migliore qualit\u00e0 del prodotto finito<br \/><\/strong>GIMECO ha spostato il paradigma dal concentrarsi sulla tecnologia del forno al pensare al prodotto finale pi\u00f9 appetibile. \u00c8 la prima volta che un forno viene progettato in funzione del prodotto finito piuttosto che sulle proprie prestazioni, pur dimostrando una grande efficienza. Il principio del fondo pi\u00f9 freddo garantisce una migliore separazione delle matte dal resto dello zinco. Secondo un sondaggio condotto tra gli zincatori, le matte galleggianti si riducono di un buon 50%, consentendo di dimezzare gli scarti sui prodotti finiti.<strong>Risparmio energetico<br \/><\/strong>Grazie al concetto della doppia camera, si accede all&#8217;energia solo quando se ne ha bisogno. Il nostro algoritmo reagisce alla domanda di energia adattando le sequenze di azionamento dei bruciatori tra le due camere separate, fornendo ogni volta solo ci\u00f2 che serve. Secondo un&#8217;indagine condotta tra gli zincatori, il risparmio \u00e8 di circa il 15% rispetto ai forni tradizionali ad alta velocit\u00e0.<strong>Facilit\u00e0 d&#8217;uso<\/strong><strong>Minore corrosione della vasca<\/strong><\/p>\n\t\t\tCorrosione della vasca\n\t\t<p>I forni ad alta velocit\u00e0 dual-chamber\u2122\u00a0generano stress termico localizzato in aree specifiche della vasca. Tuttavia, il design a doppia camera e l&#8217;installazione di soluzioni adeguate consentono di ridurre notevolmente la corrosione rispetto ai forni tradizionali ad alta velocit\u00e0.<br \/>I forni dual-chamber\u2122\u00a0prevedono anche la possibilit\u00e0 di invertire periodicamente i bruciatori, con l&#8217;obiettivo di ottenere una distribuzione pi\u00f9 omogenea delle sollecitazioni sulla superficie della vasca e quindi di prolungarne la durata.<\/p>\n\t\t\t\t\t\t\t<img decoding=\"async\" src=\"https:\/\/gimeco.com\/wp-content\/plugins\/beaver-builder-lite-version\/img\/pixel.png\" alt=\"\" itemprop=\"image\" onerror=\"this.style.display='none'\"  \/>\n<h5>\n\tCLASSICO\n\t<\/h5>\n<h3>\n\t<strong>  Fiamma piatta<\/strong>\n\t<\/h3>\n\t<h3>Per esigenze di produzione elevate<\/h3>\n\t\t\tCaratteristiche\n\t\t<ul><li>Riscalda per radiazione<\/li><li>Solo combustibile gassoso<\/li><li>Difficile regolazione dei bruciatori<\/li><li>Nessun controllo sul gradiente di temperatura<\/li><li>Nessuna separazione della camera di combustione<\/li><\/ul>\n\t\t\tVantaggi\n\t\t<ul><li>Permette di installare una potenza maggiore se necessario <em>(spazio maggiore sui lati lunghi del forno)<\/em><\/li><li>Si adatta alle esigenze di alta produttivit\u00e0<\/li><\/ul>\n\t\t\tCorrosione della vasca\n\t\t<p>I forni a fiamma piatta producono sollecitazioni sulla vasca in funzione della posizione dei bruciatori, con conseguente formazione di zone di corrosione vagamente circolari lungo le pareti.<\/p>\n\t\t\t\t\t\t\t<img decoding=\"async\" src=\"https:\/\/gimeco.com\/wp-content\/plugins\/beaver-builder-lite-version\/img\/pixel.png\" alt=\"\" itemprop=\"image\" onerror=\"this.style.display='none'\"  \/>\n<h5>\n\tBASSE EMISSIONI\n\t<\/h5>\n<h3>\n\t<strong>Ibridi<\/strong> dual-chamber\u2122\n\t<\/h3>\n\t<h3>Sostenibilit\u00e0 attraverso la flessibilit\u00e0<\/h3>\n<p>La versatilit\u00e0 del forno a dual-chamber<sup>TM<\/sup> si unisce alla flessibilit\u00e0 e alla sostenibilit\u00e0 del forno elettrico.<\/p>\n\t\t\tCaratteristiche\n\t\t<ul><li>Sistema gas-elettrico ottimizzato<\/li><li>Esecuzioni mild-hybrid o full-hybrid<\/li><li>Alimentazione elettrica<em> (o a gas)<\/em> come potenza di riserva <em>(durante i periodi di inattivit\u00e0)<\/em> o a pieno regime<\/li><li>Modalit\u00e0 di backup durante i turni di notte o nei fine settimana<\/li><li>Ridondanza degli elementi di riscaldamento per ridurre lo stress dei componenti<\/li><li>Adatto ad alimentazione da fonte rinnovabile<em> (fotovoltaico o eolico)<\/em><\/li><\/ul>\n\t\t\tVantaggi\n\t\t<ul><li>Elevata flessibilit\u00e0 del sistema *<\/li><li>Ridotti consumi di gas *<\/li><li>Minore stress sulla vasca *<\/li><li>Risparmio energetico *<\/li><li>Volume di gas di scarico ridotto *<\/li><li>Ridotte emissioni di CO<sub>2<\/sub> *<\/li><\/ul><p>(*) rispetto ai tradizionali forni a gas<br \/><\/p>\n\t\t\tCorrosione della vasca\n\t\t<p>I forni ibridi gas-elettrici producono sollecitazioni sulla vasca tipiche della modalit\u00e0 operativa per la quale sono principalmente utilizzati: maggiori sollecitazioni su aree specifiche della vasca corrispondenti al percorso del gas di scarico, se utilizzati principalmente a gas, uniformi e lievi se il funzionamento \u00e8 principalmente elettrico.<br \/>Tuttavia, in entrambi i casi, la corrosione della vasca dovuta ai forni ibridi \u00e8 generalmente attenuata.<\/p>\n\t\t\t\t\t\t\t<img decoding=\"async\" src=\"https:\/\/gimeco.com\/wp-content\/plugins\/beaver-builder-lite-version\/img\/pixel.png\" alt=\"\" itemprop=\"image\" onerror=\"this.style.display='none'\"  \/>\n<h5>\n\tZERO EMISSIONI\n\t<\/h5>\n<h3>\n\t<strong>Elettrici<\/strong> con resistenze a pannello\n\t<\/h3>\n\t<h3>La qualit\u00e0 del prodotto finito, senza CO<sub>2<\/sub><\/h3>\n\t\t\tCaratteristiche\n\t\t<ul><li>Stratificazione controllata della temperatura del bagno<\/li><li>Ridondanza degli elementi di riscaldamento per ridurre lo stress dei componenti<\/li><li>Temperatura della camera pi\u00f9 bassa e stabile<\/li><li>Adatto ad alimentazione da fonte rinnovabile<em> (fotovoltaico o eolico)<\/em><\/li><\/ul><p>(*) rispetto ai forni tradizionali a gas<br \/><\/p>\n\t\t\tVantaggi\n\t\t<ul><li>Installazione complessivamente pi\u00f9 semplice *<\/li><li>Minore potenza installata <em>(fino a -30%) *<\/em><\/li><li>Consumo energetico nettamente inferiore <em>(-35\/40%) *<\/em><\/li><li>Minimo stress sulla vasca <em>(aumento significativo della durata della vasca) *<\/em><\/li><li>Minima manutenzione<\/li><li>Nessuna emissione locale di CO<sub>2<\/sub> *<\/li><li>Nessun gas di scarico *<\/li><li>Nessun particolato prodotto, nessun rumore *<\/li><\/ul><p>(*) rispetto ai tradizionali forni a gas<br \/><\/p>\n\t\t\tCorrosione della vasca\n\t\t<p>I forni elettrici producono uno stress minimo sulla vasca con una corrosione uniforme e stratificata. Ci\u00f2 consente di prolungare notevolmente la vita utile della vasca, con una riduzione dello spessore della parete della stessa inferiore a 2mm <em>(0.07&#8243;) <\/em>all&#8217;anno, in media.<\/p>\n<h5>\n\tZERO EMISSIONI &#8211; ALTA TEMPERATURA\n\t<\/h5>\n<h3>\n\t<b>Elettrici<\/b> ad alta temperatura a bacino\n\t<\/h3>\n\t<h4>Nessuna CO<sub>2<\/sub>, alta temperatura<\/h4>\n\t\t\tCaratteristiche\n\t\t<ul><li>Alta temperatura fino a 550\u00b0C <em>(1022\u00b0F)<\/em>, ideale per trattare acciai ad alto contenuto di silicio<\/li><li>Elementi riscaldanti immersi in ceramica di elevata qualit\u00e0<\/li><li>Maggiore resistenza agli shock termici<\/li><li>Ridondanza degli elementi riscaldanti per ridurre lo stress sull&#8217;impianto<\/li><li>Termocoppie di tipo K facilmente sostituibili<\/li><li>Temperatura della camera pi\u00f9 bassa, uniforme e stabile *<\/li><li>Adatto per energie rinnovabili <em>(fotovoltaico o eolico)<\/em><\/li><\/ul><p>(*) rispetto ai forni tradizionali a gas<br \/><\/p>\n\t\t\tVantaggi\n\t\t<ul><li>Minore potenza installata <em>(fino a -30%) *<\/em><\/li><li>Consumo energetico nettamente inferiore <em>(-35\/40%) *<\/em><\/li><li>Altissima efficienza degli elementi riscaldanti <em>(bassa dispersione di calore)<\/em><\/li><li>Ridotta manutenzione<\/li><li>Nessuna emissione locale di CO<sub>2<\/sub> *<\/li><li>Nessun gas di scarico *<\/li><li>Nessun particolato prodotto, nessun rumore *<\/li><\/ul><p>(*) rispetto ai tradizionali forni a gas<br \/><\/p>\n<h5>\n\tALTA TEMPERATURA\n\t<\/h5>\n<h3>\n\t<strong>A cupola<\/strong>\n\t<\/h3>\n\t<h3>Lunga durata, per scopi specifici<\/h3>\n\t\t\tCaratteristiche\n\t\t<ul><li>Alta temperatura di 520\u00b0C<em> (968\u00b0F)<\/em><\/li><li>Vasca in ceramica di lunga durata<\/li><li>Necessita di un&#8217;attento assemblaggio<\/li><\/ul>\n\t\t\tVantaggi\n\t\t<ul><li>Ideale per zincare profili particolari<\/li><li>Ridotta manutenzione<\/li><\/ul>\n<h5>\n\tALTA TEMPERATURA\n\t<\/h5>\n<h3>\n\t<b>A tubi radianti <\/b>immersi\n\t<\/h3>\n\t<h3>Ideale per la zincatura di acciai ad alto tenore di silicio<\/h3>\n\t\t\tCaratteristiche\n\t\t<ul><li>Alta temperatura fino a 530\u00b0C <em>(986\u00b0F)<\/em><\/li><li>Preriscaldamento efficiente<\/li><li>Bruciatori auto-recuperativi a tubi in carburo di silicio <em>(SiC)\u00a0<\/em>immersi<\/li><li>Vasca in materiale refrattario di lunga durata<\/li><\/ul>\n\t\t\tVantaggi\n\t\t<ul><li>Ideale per la zincatura di acciai ad alto tenore di silicio<\/li><li>Alta efficienza<\/li><li>Basso consumo di zinco grazie alle dimensioni ridotte della vasca<\/li><li>Ridotta manutenzione<\/li><\/ul>\n<h3>\n\t<b>Software di gestione intelligente<\/b><br \/>e supervisione dei forni\n\t<\/h3>\n\t<a href=\"https:\/\/gimeco.com\/it\/software\/#4\" target=\"_self\" role=\"button\">\n\t\t\t\t\t <b>Approfondisci<\/b>\n\t<\/a>\n\n<\/div><!-- .vgblk-rw-wrapper -->","protected":false},"excerpt":{"rendered":"<p>Nel cuore dell&#8217;impianto Il forno \u00e8 il cuore pulsante dell&#8217;intero impianto di zincatura ed \u00e8 fondamentale sia per il mantenimento dello zinco fuso pronto all&#8217;uso sia per i processi di preparazione dei materiali, grazie alla gestione e al recupero del calore. La qualit\u00e0 ingegneristica implementata in questa parte critica del sistema influenza una serie di&#8230;<\/p>\n","protected":false},"author":1,"featured_media":0,"parent":0,"menu_order":0,"comment_status":"closed","ping_status":"closed","template":"","meta":{"inline_featured_image":false,"footnotes":""},"class_list":["post-20277","page","type-page","status-publish","hentry"],"yoast_head":"<!-- This site is optimized with the Yoast SEO plugin v26.4 - https:\/\/yoast.com\/wordpress\/plugins\/seo\/ -->\n<title>Forni | GIMECO Impianti<\/title>\n<meta name=\"description\" content=\"Il forno \u00e8 il cuore pulsante dell&#039;intero impianto di zincatura ed \u00e8 fondamentale sia per il mantenimento dello zinco\" \/>\n<meta name=\"robots\" content=\"index, follow, max-snippet:-1, max-image-preview:large, max-video-preview:-1\" \/>\n<link rel=\"canonical\" href=\"https:\/\/gimeco.com\/it\/forni\/\" \/>\n<meta property=\"og:locale\" content=\"it_IT\" \/>\n<meta property=\"og:type\" content=\"article\" \/>\n<meta property=\"og:title\" content=\"Forni | GIMECO Impianti\" \/>\n<meta property=\"og:description\" content=\"Il forno \u00e8 il cuore pulsante dell&#039;intero impianto di zincatura ed \u00e8 fondamentale sia per il mantenimento dello zinco\" \/>\n<meta property=\"og:url\" content=\"https:\/\/gimeco.com\/it\/forni\/\" \/>\n<meta property=\"og:site_name\" content=\"GIMECO Impianti\" \/>\n<meta property=\"article:publisher\" content=\"https:\/\/www.facebook.com\/gimecogroup\" \/>\n<meta property=\"article:modified_time\" content=\"2025-10-29T15:40:29+00:00\" \/>\n<meta property=\"og:image\" content=\"https:\/\/gimeco.com\/wp-content\/plugins\/beaver-builder-lite-version\/img\/pixel.png\" \/>\n<script type=\"application\/ld+json\" class=\"yoast-schema-graph\">{\"@context\":\"https:\/\/schema.org\",\"@graph\":[{\"@type\":\"WebPage\",\"@id\":\"https:\/\/gimeco.com\/it\/forni\/\",\"url\":\"https:\/\/gimeco.com\/it\/forni\/\",\"name\":\"Forni | GIMECO Impianti\",\"isPartOf\":{\"@id\":\"https:\/\/gimeco.com\/#website\"},\"primaryImageOfPage\":{\"@id\":\"https:\/\/gimeco.com\/it\/forni\/#primaryimage\"},\"image\":{\"@id\":\"https:\/\/gimeco.com\/it\/forni\/#primaryimage\"},\"thumbnailUrl\":\"https:\/\/gimeco.com\/wp-content\/plugins\/beaver-builder-lite-version\/img\/pixel.png\",\"datePublished\":\"2023-10-16T12:59:45+00:00\",\"dateModified\":\"2025-10-29T15:40:29+00:00\",\"description\":\"Il forno \u00e8 il cuore pulsante dell'intero impianto di zincatura ed \u00e8 fondamentale sia per il mantenimento dello zinco\",\"breadcrumb\":{\"@id\":\"https:\/\/gimeco.com\/it\/forni\/#breadcrumb\"},\"inLanguage\":\"it-IT\",\"potentialAction\":[{\"@type\":\"ReadAction\",\"target\":[\"https:\/\/gimeco.com\/it\/forni\/\"]}]},{\"@type\":\"ImageObject\",\"inLanguage\":\"it-IT\",\"@id\":\"https:\/\/gimeco.com\/it\/forni\/#primaryimage\",\"url\":\"https:\/\/gimeco.com\/wp-content\/plugins\/beaver-builder-lite-version\/img\/pixel.png\",\"contentUrl\":\"https:\/\/gimeco.com\/wp-content\/plugins\/beaver-builder-lite-version\/img\/pixel.png\"},{\"@type\":\"BreadcrumbList\",\"@id\":\"https:\/\/gimeco.com\/it\/forni\/#breadcrumb\",\"itemListElement\":[{\"@type\":\"ListItem\",\"position\":1,\"name\":\"Home\",\"item\":\"https:\/\/gimeco.com\/it\/\"},{\"@type\":\"ListItem\",\"position\":2,\"name\":\"Forni\"}]},{\"@type\":\"WebSite\",\"@id\":\"https:\/\/gimeco.com\/#website\",\"url\":\"https:\/\/gimeco.com\/\",\"name\":\"gimeco.com\",\"description\":\"Your Partner from A to Zink\",\"publisher\":{\"@id\":\"https:\/\/gimeco.com\/#organization\"},\"alternateName\":\"Gimeco\",\"potentialAction\":[{\"@type\":\"SearchAction\",\"target\":{\"@type\":\"EntryPoint\",\"urlTemplate\":\"https:\/\/gimeco.com\/?s={search_term_string}\"},\"query-input\":{\"@type\":\"PropertyValueSpecification\",\"valueRequired\":true,\"valueName\":\"search_term_string\"}}],\"inLanguage\":\"it-IT\"},{\"@type\":\"Organization\",\"@id\":\"https:\/\/gimeco.com\/#organization\",\"name\":\"Gimeco\",\"url\":\"https:\/\/gimeco.com\/\",\"logo\":{\"@type\":\"ImageObject\",\"inLanguage\":\"it-IT\",\"@id\":\"https:\/\/gimeco.com\/#\/schema\/logo\/image\/\",\"url\":\"https:\/\/gimeco.com\/wp-content\/uploads\/2023\/11\/Logo_GIMECO_StringNoPayoff-250.png\",\"contentUrl\":\"https:\/\/gimeco.com\/wp-content\/uploads\/2023\/11\/Logo_GIMECO_StringNoPayoff-250.png\",\"width\":250,\"height\":98,\"caption\":\"Gimeco\"},\"image\":{\"@id\":\"https:\/\/gimeco.com\/#\/schema\/logo\/image\/\"},\"sameAs\":[\"https:\/\/www.facebook.com\/gimecogroup\"]}]}<\/script>\n<!-- \/ Yoast SEO plugin. -->","yoast_head_json":{"title":"Forni | GIMECO Impianti","description":"Il forno \u00e8 il cuore pulsante dell'intero impianto di zincatura ed \u00e8 fondamentale sia per il mantenimento dello zinco","robots":{"index":"index","follow":"follow","max-snippet":"max-snippet:-1","max-image-preview":"max-image-preview:large","max-video-preview":"max-video-preview:-1"},"canonical":"https:\/\/gimeco.com\/it\/forni\/","og_locale":"it_IT","og_type":"article","og_title":"Forni | GIMECO Impianti","og_description":"Il forno \u00e8 il cuore pulsante dell'intero impianto di zincatura ed \u00e8 fondamentale sia per il mantenimento dello zinco","og_url":"https:\/\/gimeco.com\/it\/forni\/","og_site_name":"GIMECO Impianti","article_publisher":"https:\/\/www.facebook.com\/gimecogroup","article_modified_time":"2025-10-29T15:40:29+00:00","og_image":[{"url":"https:\/\/gimeco.com\/wp-content\/plugins\/beaver-builder-lite-version\/img\/pixel.png","type":"","width":"","height":""}],"schema":{"@context":"https:\/\/schema.org","@graph":[{"@type":"WebPage","@id":"https:\/\/gimeco.com\/it\/forni\/","url":"https:\/\/gimeco.com\/it\/forni\/","name":"Forni | GIMECO Impianti","isPartOf":{"@id":"https:\/\/gimeco.com\/#website"},"primaryImageOfPage":{"@id":"https:\/\/gimeco.com\/it\/forni\/#primaryimage"},"image":{"@id":"https:\/\/gimeco.com\/it\/forni\/#primaryimage"},"thumbnailUrl":"https:\/\/gimeco.com\/wp-content\/plugins\/beaver-builder-lite-version\/img\/pixel.png","datePublished":"2023-10-16T12:59:45+00:00","dateModified":"2025-10-29T15:40:29+00:00","description":"Il forno \u00e8 il cuore pulsante dell'intero impianto di zincatura ed \u00e8 fondamentale sia per il mantenimento dello zinco","breadcrumb":{"@id":"https:\/\/gimeco.com\/it\/forni\/#breadcrumb"},"inLanguage":"it-IT","potentialAction":[{"@type":"ReadAction","target":["https:\/\/gimeco.com\/it\/forni\/"]}]},{"@type":"ImageObject","inLanguage":"it-IT","@id":"https:\/\/gimeco.com\/it\/forni\/#primaryimage","url":"https:\/\/gimeco.com\/wp-content\/plugins\/beaver-builder-lite-version\/img\/pixel.png","contentUrl":"https:\/\/gimeco.com\/wp-content\/plugins\/beaver-builder-lite-version\/img\/pixel.png"},{"@type":"BreadcrumbList","@id":"https:\/\/gimeco.com\/it\/forni\/#breadcrumb","itemListElement":[{"@type":"ListItem","position":1,"name":"Home","item":"https:\/\/gimeco.com\/it\/"},{"@type":"ListItem","position":2,"name":"Forni"}]},{"@type":"WebSite","@id":"https:\/\/gimeco.com\/#website","url":"https:\/\/gimeco.com\/","name":"gimeco.com","description":"Your Partner from A to Zink","publisher":{"@id":"https:\/\/gimeco.com\/#organization"},"alternateName":"Gimeco","potentialAction":[{"@type":"SearchAction","target":{"@type":"EntryPoint","urlTemplate":"https:\/\/gimeco.com\/?s={search_term_string}"},"query-input":{"@type":"PropertyValueSpecification","valueRequired":true,"valueName":"search_term_string"}}],"inLanguage":"it-IT"},{"@type":"Organization","@id":"https:\/\/gimeco.com\/#organization","name":"Gimeco","url":"https:\/\/gimeco.com\/","logo":{"@type":"ImageObject","inLanguage":"it-IT","@id":"https:\/\/gimeco.com\/#\/schema\/logo\/image\/","url":"https:\/\/gimeco.com\/wp-content\/uploads\/2023\/11\/Logo_GIMECO_StringNoPayoff-250.png","contentUrl":"https:\/\/gimeco.com\/wp-content\/uploads\/2023\/11\/Logo_GIMECO_StringNoPayoff-250.png","width":250,"height":98,"caption":"Gimeco"},"image":{"@id":"https:\/\/gimeco.com\/#\/schema\/logo\/image\/"},"sameAs":["https:\/\/www.facebook.com\/gimecogroup"]}]}},"_links":{"self":[{"href":"https:\/\/gimeco.com\/it\/wp-json\/wp\/v2\/pages\/20277","targetHints":{"allow":["GET"]}}],"collection":[{"href":"https:\/\/gimeco.com\/it\/wp-json\/wp\/v2\/pages"}],"about":[{"href":"https:\/\/gimeco.com\/it\/wp-json\/wp\/v2\/types\/page"}],"author":[{"embeddable":true,"href":"https:\/\/gimeco.com\/it\/wp-json\/wp\/v2\/users\/1"}],"replies":[{"embeddable":true,"href":"https:\/\/gimeco.com\/it\/wp-json\/wp\/v2\/comments?post=20277"}],"version-history":[{"count":24,"href":"https:\/\/gimeco.com\/it\/wp-json\/wp\/v2\/pages\/20277\/revisions"}],"predecessor-version":[{"id":25683,"href":"https:\/\/gimeco.com\/it\/wp-json\/wp\/v2\/pages\/20277\/revisions\/25683"}],"wp:attachment":[{"href":"https:\/\/gimeco.com\/it\/wp-json\/wp\/v2\/media?parent=20277"}],"curies":[{"name":"wp","href":"https:\/\/api.w.org\/{rel}","templated":true}]}}