{"id":20281,"date":"2023-09-19T12:56:57","date_gmt":"2023-09-19T12:56:57","guid":{"rendered":"https:\/\/gimeco.com\/tecnologie\/kettles-and-auxiliary-equipment\/"},"modified":"2024-06-04T10:45:56","modified_gmt":"2024-06-04T10:45:56","slug":"vasche-ed-equipaggiamenti-ausiliari","status":"publish","type":"page","link":"https:\/\/gimeco.com\/it\/vasche-ed-equipaggiamenti-ausiliari\/","title":{"rendered":"Vasche ed equipaggiamenti ausiliari"},"content":{"rendered":"<div class=\"vgblk-rw-wrapper limit-wrapper\">\n\n\t<p>Tra i componenti chiave dell&#8217;intera linea di zincatura a caldo, le vasche e le relative apparecchiature ausiliarie svolgono un <strong>ruolo cruciale.<\/strong><\/p>\n<p>Mentre le vasche, intuitivamente, contengono lo <strong>zinco fuso<\/strong> <em>(o bagno di zinco)<\/em> in cui vengono immersi i manufatti in acciaio, altre unit\u00e0 e sistemi ausiliari migliorano la <strong>produttivit\u00e0<\/strong>, riducono la necessit\u00e0 di manutenzione, aiutano a r<strong>isparmiare energia<\/strong> e mantengono un <strong>ambiente pi\u00f9 pulito<\/strong>.<\/p>\n<h2>\n\t<b>Vasche<\/b>\n\t<\/h2>\n\tLe vasche sono i bacini di contenimento dello zinco fuso e sono assemblate all&#8217;interno del forno di zincatura.<br \/>\nLa nostra offerta, grazie alla collaborazione con il produttore tedesco <a href=\"https:\/\/www.pilling.de\/en\/\" target=\"_blank\" rel=\"noopener\">W. PILLING GmbH<\/a>, comprende vasche all&#8217;avanguardia, realizzabili in qualsiasi dimensione.<br \/>\nLe vasche sono costruite con un acciaio a basso tenore di carbonio per renderle il meno reattive possibile a contatto con lo zinco fuso.<br \/>\nDurante la produzione vengono esclusivamente deformate a caldo per ridurre al minimo lo stress meccanico dei materiali. Inoltre, viene utilizzato il metodo di saldatura ad elettroscoria <em>(ESW),<\/em> che utilizza un singolo strato per saldare l&#8217;intero spessore della lastra di acciaio della vasca, garantendo uniformit\u00e0 e integrit\u00e0.\n\t\t\tCaratteristiche\n\t\t<p><strong>Nessun limite di dimensionamento<br \/><\/strong>A seconda delle esigenze dello zincatore, una vasca pu\u00f2 essere prodotta praticamente con qualsiasi dimensione.<strong>Robustezza<br \/><\/strong>Spessore fino a 70 mm (2,76&#8243;)<strong>Nessuna sollecitazione meccanica<br \/><\/strong>Durante la produzione della vasca, le operazioni di piegatura vengono eseguite solo con lamiere calde.<strong>Saldatura uniforme<br \/><\/strong>Un solo strato nell&#8217;intero processo di saldatura (mediante saldatura ad elettroscoria)<\/p>\n<h2>\n\t <strong>Equipaggiamenti <\/strong>ausiliari\n\t<\/h2>\n\t<h3>Cappa di aspirazione e confinamento dei fumi bianchi &#8211; Sistema filtrazione<\/h3>\nQuando l&#8217;acciaio viene immerso nello zinco fuso nella vasca, nell&#8217;aria si sprigiona un fumo bianco e denso, ricco di minuscole particelle, dovuto alla generazione di ossido di zinco e alla combustione del cloruro di ammonio del flussaggio.<br \/>\nLa vasca pu\u00f2 essere dotata di una <strong>cappa a tenuta stagna<\/strong> con <strong>finestre meccanizzate<\/strong> e <strong>porte a battente<\/strong>. Essa comprende <strong>tubi, condotti, filtri e ventilazione<\/strong> per la corretta <strong>estrazione dei fumi,<\/strong> incanalati quindi attraverso l&#8217;effetto camino verso il <strong>sistema di filtrazione.<\/strong><br \/>\nInfine, la cappa protegge gli operatori dagli schizzi di zinco fuso.<br \/>\nLo stato e il funzionamento dell&#8217;<strong>unit\u00e0 di filtrazione<\/strong> possono essere controllati e gestiti in tempo reale attraverso un sistema digitale dedicato.\n<h3>Sistema meccanizzato per la rimozione di matte e ceneri<\/h3>\nSolitamente, la manutenzione del bagno di zinco richiede l&#8217;estrazione manuale delle matte e ceneri <em>(in genere ogni due settimane)<\/em> con il supporto di strumenti fissati a un carroponte.<br \/>\nQuesto processo \u00e8 spesso faticoso e poco sicuro, e comporta un ambiente di lavoro sporco e sgradevole, con una scarsa pulizia del bagno di zinco.<br \/>\nL&#8217;obiettivo di un dispositivo per la rimozione delle matte e delle ceneri \u00e8 <strong>semplificare e meccanizzare le operazioni di recupero<\/strong> delle stesse, rendendole <strong>pi\u00f9 facili, sicure ed efficaci.<\/strong><br \/>\nIl sistema comprende una robusta navetta in acciaio che si muove su vie di corsa sopra la vasca, dotata di una benna adattata alla forma della vasca mentre, all&#8217;altra estremit\u00e0, una apposita lama metallica pulisce la superficie dello zinco fuso rimuovendovi le ceneri. Le matte e le ceneri raccolte vengono depositate all&#8217;esterno della struttura di contenimento dei fumi bianchi per lo smaltimento adeguato.\n<h3>Sistema di estrazione rapida della vasca kettle-out\u2122<\/h3>\nConsente di estrarre la vasca semplicemente spostandola su vie di corsa a terra o binari <em>(e, analogamente, di posizionare quella nuova con altrettanta facilit\u00e0).<\/em> Il sistema <strong>elimina la necessit\u00e0 di operazioni aeree per la rimozione della vecchia vasca<\/strong>, utilizzando gru o attrezzature simili.<br \/>\nPermette di <strong>risparmiare tempo e costi in caso di sostituzione della vasca<\/strong>, garantendo la ripresa delle operazioni produttive in tempi brevi.\n<h3>Sistema di copertura automatica della vasca<\/h3>\n<p>Consente di posizionare automaticamente la copertura della vasca per <strong>evitare la perdita di calore<\/strong> sia nei periodi di arresto che in quelli di inattivit\u00e0, risparmiando sul consumo energetico.<\/p>\n<h3>Alimentatore automatico di lingotti di zinco jumbo-feeder\u2122<\/h3>\n<p>Il <strong>rifornimento di lingotti di zinco<\/strong> nella vasca \u00e8 reso pi\u00f9 facile, rapido e sicuro per gli operatori.<\/p>\n\t\t\t\t\t\t\t<img loading=\"lazy\" decoding=\"async\" src=\"https:\/\/gimeco.com\/wp-content\/uploads\/2024\/01\/ingots-feeder-2.jpg\" alt=\"ingots-feeder\" itemprop=\"image\" height=\"822\" width=\"1096\" title=\"ingots-feeder\" onerror=\"this.style.display='none'\"  sizes=\"auto, (max-width: 768px) 100vw, 100vw\" srcset=\"https:\/\/gimeco.com\/wp-content\/uploads\/2024\/01\/ingots-feeder-2.jpg 1096w, https:\/\/gimeco.com\/wp-content\/uploads\/2024\/01\/ingots-feeder-2-300x225.jpg 300w, https:\/\/gimeco.com\/wp-content\/uploads\/2024\/01\/ingots-feeder-2-1024x768.jpg 1024w, https:\/\/gimeco.com\/wp-content\/uploads\/2024\/01\/ingots-feeder-2-768x576.jpg 768w, https:\/\/gimeco.com\/wp-content\/uploads\/2024\/01\/ingots-feeder-2-630x473.jpg 630w, https:\/\/gimeco.com\/wp-content\/uploads\/2024\/01\/ingots-feeder-2-420x315.jpg 420w, https:\/\/gimeco.com\/wp-content\/uploads\/2024\/01\/ingots-feeder-2-840x630.jpg 840w, https:\/\/gimeco.com\/wp-content\/uploads\/2024\/01\/ingots-feeder-2-315x236.jpg 315w\" \/>\t\t\t\t\t\t\t\n\t\t\t\t\t\t\t<img loading=\"lazy\" decoding=\"async\" src=\"https:\/\/gimeco.com\/wp-content\/uploads\/2024\/05\/IMG20230331111129-new.jpg\" alt=\"IMG20230331111129-new\" itemprop=\"image\" height=\"1920\" width=\"2560\" title=\"IMG20230331111129-new\" onerror=\"this.style.display='none'\"  sizes=\"auto, (max-width: 768px) 100vw, 100vw\" srcset=\"https:\/\/gimeco.com\/wp-content\/uploads\/2024\/05\/IMG20230331111129-new.jpg 2560w, https:\/\/gimeco.com\/wp-content\/uploads\/2024\/05\/IMG20230331111129-new-300x225.jpg 300w, https:\/\/gimeco.com\/wp-content\/uploads\/2024\/05\/IMG20230331111129-new-1024x768.jpg 1024w, https:\/\/gimeco.com\/wp-content\/uploads\/2024\/05\/IMG20230331111129-new-768x576.jpg 768w, https:\/\/gimeco.com\/wp-content\/uploads\/2024\/05\/IMG20230331111129-new-1536x1152.jpg 1536w, https:\/\/gimeco.com\/wp-content\/uploads\/2024\/05\/IMG20230331111129-new-2048x1536.jpg 2048w, https:\/\/gimeco.com\/wp-content\/uploads\/2024\/05\/IMG20230331111129-new-200x150.jpg 200w, https:\/\/gimeco.com\/wp-content\/uploads\/2024\/05\/IMG20230331111129-new-1260x945.jpg 1260w, https:\/\/gimeco.com\/wp-content\/uploads\/2024\/05\/IMG20230331111129-new-630x473.jpg 630w, https:\/\/gimeco.com\/wp-content\/uploads\/2024\/05\/IMG20230331111129-new-420x315.jpg 420w, https:\/\/gimeco.com\/wp-content\/uploads\/2024\/05\/IMG20230331111129-new-840x630.jpg 840w, https:\/\/gimeco.com\/wp-content\/uploads\/2024\/05\/IMG20230331111129-new-315x236.jpg 315w\" \/>\t\t\t\t\t\t\t\n\t\t\t\t\t\t\t<img loading=\"lazy\" decoding=\"async\" src=\"https:\/\/gimeco.com\/wp-content\/uploads\/2024\/01\/IMG20230331101129_01.jpg\" alt=\"IMG20230331101129_01\" itemprop=\"image\" height=\"1080\" width=\"1920\" title=\"IMG20230331101129_01\" onerror=\"this.style.display='none'\"  sizes=\"auto, (max-width: 768px) 100vw, 100vw\" srcset=\"https:\/\/gimeco.com\/wp-content\/uploads\/2024\/01\/IMG20230331101129_01.jpg 1920w, https:\/\/gimeco.com\/wp-content\/uploads\/2024\/01\/IMG20230331101129_01-300x169.jpg 300w, https:\/\/gimeco.com\/wp-content\/uploads\/2024\/01\/IMG20230331101129_01-1024x576.jpg 1024w, https:\/\/gimeco.com\/wp-content\/uploads\/2024\/01\/IMG20230331101129_01-768x432.jpg 768w, https:\/\/gimeco.com\/wp-content\/uploads\/2024\/01\/IMG20230331101129_01-1536x864.jpg 1536w, https:\/\/gimeco.com\/wp-content\/uploads\/2024\/01\/IMG20230331101129_01-1260x709.jpg 1260w, https:\/\/gimeco.com\/wp-content\/uploads\/2024\/01\/IMG20230331101129_01-630x354.jpg 630w, https:\/\/gimeco.com\/wp-content\/uploads\/2024\/01\/IMG20230331101129_01-420x236.jpg 420w, https:\/\/gimeco.com\/wp-content\/uploads\/2024\/01\/IMG20230331101129_01-840x473.jpg 840w, https:\/\/gimeco.com\/wp-content\/uploads\/2024\/01\/IMG20230331101129_01-315x177.jpg 315w\" \/>\t\t\t\t\t\t\t\n\n<\/div><!-- .vgblk-rw-wrapper -->","protected":false},"excerpt":{"rendered":"<p>Tra i componenti chiave dell&#8217;intera linea di zincatura a caldo, le vasche e le relative apparecchiature ausiliarie svolgono un ruolo cruciale. Mentre le vasche, intuitivamente, contengono lo zinco fuso (o bagno di zinco) in cui vengono immersi i manufatti in acciaio, altre unit\u00e0 e sistemi ausiliari migliorano la produttivit\u00e0, riducono la necessit\u00e0 di manutenzione, aiutano&#8230;<\/p>\n","protected":false},"author":1,"featured_media":0,"parent":0,"menu_order":0,"comment_status":"closed","ping_status":"closed","template":"","meta":{"inline_featured_image":false,"footnotes":""},"class_list":["post-20281","page","type-page","status-publish","hentry"],"yoast_head":"<!-- This site is optimized with the Yoast SEO plugin v26.4 - https:\/\/yoast.com\/wordpress\/plugins\/seo\/ -->\n<title>Vasche ed equipaggiamenti ausiliari | GIMECO Impianti<\/title>\n<meta name=\"description\" content=\"Tra i componenti chiave dell&#039;intera linea di zincatura a caldo, le vasche e le relative apparecchiature ausiliarie svolgono un ruolo cruciale\" \/>\n<meta name=\"robots\" content=\"index, follow, max-snippet:-1, max-image-preview:large, max-video-preview:-1\" \/>\n<link rel=\"canonical\" href=\"https:\/\/gimeco.com\/it\/vasche-ed-equipaggiamenti-ausiliari\/\" \/>\n<meta property=\"og:locale\" content=\"it_IT\" \/>\n<meta property=\"og:type\" content=\"article\" \/>\n<meta property=\"og:title\" content=\"Vasche ed equipaggiamenti ausiliari | GIMECO Impianti\" \/>\n<meta property=\"og:description\" content=\"Tra i componenti chiave dell&#039;intera linea di zincatura a caldo, le vasche e le relative apparecchiature ausiliarie svolgono un ruolo cruciale\" \/>\n<meta property=\"og:url\" content=\"https:\/\/gimeco.com\/it\/vasche-ed-equipaggiamenti-ausiliari\/\" \/>\n<meta property=\"og:site_name\" content=\"GIMECO Impianti\" \/>\n<meta property=\"article:publisher\" content=\"https:\/\/www.facebook.com\/gimecogroup\" \/>\n<meta property=\"article:modified_time\" content=\"2024-06-04T10:45:56+00:00\" \/>\n<meta property=\"og:image\" content=\"https:\/\/gimeco.com\/wp-content\/uploads\/2024\/01\/ingots-feeder-2.jpg\" \/>\n<script type=\"application\/ld+json\" class=\"yoast-schema-graph\">{\"@context\":\"https:\/\/schema.org\",\"@graph\":[{\"@type\":\"WebPage\",\"@id\":\"https:\/\/gimeco.com\/it\/vasche-ed-equipaggiamenti-ausiliari\/\",\"url\":\"https:\/\/gimeco.com\/it\/vasche-ed-equipaggiamenti-ausiliari\/\",\"name\":\"Vasche ed equipaggiamenti ausiliari | GIMECO Impianti\",\"isPartOf\":{\"@id\":\"https:\/\/gimeco.com\/#website\"},\"primaryImageOfPage\":{\"@id\":\"https:\/\/gimeco.com\/it\/vasche-ed-equipaggiamenti-ausiliari\/#primaryimage\"},\"image\":{\"@id\":\"https:\/\/gimeco.com\/it\/vasche-ed-equipaggiamenti-ausiliari\/#primaryimage\"},\"thumbnailUrl\":\"https:\/\/gimeco.com\/wp-content\/uploads\/2024\/01\/ingots-feeder-2.jpg\",\"datePublished\":\"2023-09-19T12:56:57+00:00\",\"dateModified\":\"2024-06-04T10:45:56+00:00\",\"description\":\"Tra i componenti chiave dell'intera linea di zincatura a caldo, le vasche e le relative apparecchiature ausiliarie svolgono un ruolo cruciale\",\"breadcrumb\":{\"@id\":\"https:\/\/gimeco.com\/it\/vasche-ed-equipaggiamenti-ausiliari\/#breadcrumb\"},\"inLanguage\":\"it-IT\",\"potentialAction\":[{\"@type\":\"ReadAction\",\"target\":[\"https:\/\/gimeco.com\/it\/vasche-ed-equipaggiamenti-ausiliari\/\"]}]},{\"@type\":\"ImageObject\",\"inLanguage\":\"it-IT\",\"@id\":\"https:\/\/gimeco.com\/it\/vasche-ed-equipaggiamenti-ausiliari\/#primaryimage\",\"url\":\"https:\/\/gimeco.com\/wp-content\/uploads\/2024\/01\/ingots-feeder-2.jpg\",\"contentUrl\":\"https:\/\/gimeco.com\/wp-content\/uploads\/2024\/01\/ingots-feeder-2.jpg\"},{\"@type\":\"BreadcrumbList\",\"@id\":\"https:\/\/gimeco.com\/it\/vasche-ed-equipaggiamenti-ausiliari\/#breadcrumb\",\"itemListElement\":[{\"@type\":\"ListItem\",\"position\":1,\"name\":\"Home\",\"item\":\"https:\/\/gimeco.com\/it\/\"},{\"@type\":\"ListItem\",\"position\":2,\"name\":\"Vasche ed equipaggiamenti ausiliari\"}]},{\"@type\":\"WebSite\",\"@id\":\"https:\/\/gimeco.com\/#website\",\"url\":\"https:\/\/gimeco.com\/\",\"name\":\"gimeco.com\",\"description\":\"Your Partner from A to Zink\",\"publisher\":{\"@id\":\"https:\/\/gimeco.com\/#organization\"},\"alternateName\":\"Gimeco\",\"potentialAction\":[{\"@type\":\"SearchAction\",\"target\":{\"@type\":\"EntryPoint\",\"urlTemplate\":\"https:\/\/gimeco.com\/?s={search_term_string}\"},\"query-input\":{\"@type\":\"PropertyValueSpecification\",\"valueRequired\":true,\"valueName\":\"search_term_string\"}}],\"inLanguage\":\"it-IT\"},{\"@type\":\"Organization\",\"@id\":\"https:\/\/gimeco.com\/#organization\",\"name\":\"Gimeco\",\"url\":\"https:\/\/gimeco.com\/\",\"logo\":{\"@type\":\"ImageObject\",\"inLanguage\":\"it-IT\",\"@id\":\"https:\/\/gimeco.com\/#\/schema\/logo\/image\/\",\"url\":\"https:\/\/gimeco.com\/wp-content\/uploads\/2023\/11\/Logo_GIMECO_StringNoPayoff-250.png\",\"contentUrl\":\"https:\/\/gimeco.com\/wp-content\/uploads\/2023\/11\/Logo_GIMECO_StringNoPayoff-250.png\",\"width\":250,\"height\":98,\"caption\":\"Gimeco\"},\"image\":{\"@id\":\"https:\/\/gimeco.com\/#\/schema\/logo\/image\/\"},\"sameAs\":[\"https:\/\/www.facebook.com\/gimecogroup\"]}]}<\/script>\n<!-- \/ Yoast SEO plugin. -->","yoast_head_json":{"title":"Vasche ed equipaggiamenti ausiliari | GIMECO Impianti","description":"Tra i componenti chiave dell'intera linea di zincatura a caldo, le vasche e le relative apparecchiature ausiliarie svolgono un ruolo cruciale","robots":{"index":"index","follow":"follow","max-snippet":"max-snippet:-1","max-image-preview":"max-image-preview:large","max-video-preview":"max-video-preview:-1"},"canonical":"https:\/\/gimeco.com\/it\/vasche-ed-equipaggiamenti-ausiliari\/","og_locale":"it_IT","og_type":"article","og_title":"Vasche ed equipaggiamenti ausiliari | GIMECO Impianti","og_description":"Tra i componenti chiave dell'intera linea di zincatura a caldo, le vasche e le relative apparecchiature ausiliarie svolgono un ruolo cruciale","og_url":"https:\/\/gimeco.com\/it\/vasche-ed-equipaggiamenti-ausiliari\/","og_site_name":"GIMECO Impianti","article_publisher":"https:\/\/www.facebook.com\/gimecogroup","article_modified_time":"2024-06-04T10:45:56+00:00","og_image":[{"url":"https:\/\/gimeco.com\/wp-content\/uploads\/2024\/01\/ingots-feeder-2.jpg","type":"","width":"","height":""}],"schema":{"@context":"https:\/\/schema.org","@graph":[{"@type":"WebPage","@id":"https:\/\/gimeco.com\/it\/vasche-ed-equipaggiamenti-ausiliari\/","url":"https:\/\/gimeco.com\/it\/vasche-ed-equipaggiamenti-ausiliari\/","name":"Vasche ed equipaggiamenti ausiliari | GIMECO Impianti","isPartOf":{"@id":"https:\/\/gimeco.com\/#website"},"primaryImageOfPage":{"@id":"https:\/\/gimeco.com\/it\/vasche-ed-equipaggiamenti-ausiliari\/#primaryimage"},"image":{"@id":"https:\/\/gimeco.com\/it\/vasche-ed-equipaggiamenti-ausiliari\/#primaryimage"},"thumbnailUrl":"https:\/\/gimeco.com\/wp-content\/uploads\/2024\/01\/ingots-feeder-2.jpg","datePublished":"2023-09-19T12:56:57+00:00","dateModified":"2024-06-04T10:45:56+00:00","description":"Tra i componenti chiave dell'intera linea di zincatura a caldo, le vasche e le relative apparecchiature ausiliarie svolgono un ruolo cruciale","breadcrumb":{"@id":"https:\/\/gimeco.com\/it\/vasche-ed-equipaggiamenti-ausiliari\/#breadcrumb"},"inLanguage":"it-IT","potentialAction":[{"@type":"ReadAction","target":["https:\/\/gimeco.com\/it\/vasche-ed-equipaggiamenti-ausiliari\/"]}]},{"@type":"ImageObject","inLanguage":"it-IT","@id":"https:\/\/gimeco.com\/it\/vasche-ed-equipaggiamenti-ausiliari\/#primaryimage","url":"https:\/\/gimeco.com\/wp-content\/uploads\/2024\/01\/ingots-feeder-2.jpg","contentUrl":"https:\/\/gimeco.com\/wp-content\/uploads\/2024\/01\/ingots-feeder-2.jpg"},{"@type":"BreadcrumbList","@id":"https:\/\/gimeco.com\/it\/vasche-ed-equipaggiamenti-ausiliari\/#breadcrumb","itemListElement":[{"@type":"ListItem","position":1,"name":"Home","item":"https:\/\/gimeco.com\/it\/"},{"@type":"ListItem","position":2,"name":"Vasche ed equipaggiamenti ausiliari"}]},{"@type":"WebSite","@id":"https:\/\/gimeco.com\/#website","url":"https:\/\/gimeco.com\/","name":"gimeco.com","description":"Your Partner from A to Zink","publisher":{"@id":"https:\/\/gimeco.com\/#organization"},"alternateName":"Gimeco","potentialAction":[{"@type":"SearchAction","target":{"@type":"EntryPoint","urlTemplate":"https:\/\/gimeco.com\/?s={search_term_string}"},"query-input":{"@type":"PropertyValueSpecification","valueRequired":true,"valueName":"search_term_string"}}],"inLanguage":"it-IT"},{"@type":"Organization","@id":"https:\/\/gimeco.com\/#organization","name":"Gimeco","url":"https:\/\/gimeco.com\/","logo":{"@type":"ImageObject","inLanguage":"it-IT","@id":"https:\/\/gimeco.com\/#\/schema\/logo\/image\/","url":"https:\/\/gimeco.com\/wp-content\/uploads\/2023\/11\/Logo_GIMECO_StringNoPayoff-250.png","contentUrl":"https:\/\/gimeco.com\/wp-content\/uploads\/2023\/11\/Logo_GIMECO_StringNoPayoff-250.png","width":250,"height":98,"caption":"Gimeco"},"image":{"@id":"https:\/\/gimeco.com\/#\/schema\/logo\/image\/"},"sameAs":["https:\/\/www.facebook.com\/gimecogroup"]}]}},"_links":{"self":[{"href":"https:\/\/gimeco.com\/it\/wp-json\/wp\/v2\/pages\/20281","targetHints":{"allow":["GET"]}}],"collection":[{"href":"https:\/\/gimeco.com\/it\/wp-json\/wp\/v2\/pages"}],"about":[{"href":"https:\/\/gimeco.com\/it\/wp-json\/wp\/v2\/types\/page"}],"author":[{"embeddable":true,"href":"https:\/\/gimeco.com\/it\/wp-json\/wp\/v2\/users\/1"}],"replies":[{"embeddable":true,"href":"https:\/\/gimeco.com\/it\/wp-json\/wp\/v2\/comments?post=20281"}],"version-history":[{"count":13,"href":"https:\/\/gimeco.com\/it\/wp-json\/wp\/v2\/pages\/20281\/revisions"}],"predecessor-version":[{"id":24944,"href":"https:\/\/gimeco.com\/it\/wp-json\/wp\/v2\/pages\/20281\/revisions\/24944"}],"wp:attachment":[{"href":"https:\/\/gimeco.com\/it\/wp-json\/wp\/v2\/media?parent=20281"}],"curies":[{"name":"wp","href":"https:\/\/api.w.org\/{rel}","templated":true}]}}