{"id":20285,"date":"2023-10-03T13:08:13","date_gmt":"2023-10-03T13:08:13","guid":{"rendered":"https:\/\/gimeco.com\/tecnologie\/handling-automation\/"},"modified":"2024-05-31T15:09:34","modified_gmt":"2024-05-31T15:09:34","slug":"movimentazione-automazione","status":"publish","type":"page","link":"https:\/\/gimeco.com\/it\/movimentazione-automazione\/","title":{"rendered":"Movimentazione \u2013 Automazione"},"content":{"rendered":"<div class=\"vgblk-rw-wrapper limit-wrapper\">\n<h2>\n\t<b>Logistica interna <\/b>e movimentazione dei materiali\n\t<\/h2>\n\tLe nostre proposte di movimentazione rappresentano un&#8217;<strong>innovazione cruciale <\/strong>per l&#8217;efficienza industriale. Personalizziamo le <strong>soluzioni tecnologiche per ogni reparto<\/strong>, eliminando i colli di bottiglia che ostacolano la produzione. Ogni nostro sistema \u00e8 <strong>meticolosamente progettato<\/strong> per garantire prestazioni ottimali in tutte le fasi del processo. Utilizziamo moderni carriponte, paranchi automatizzati a monorotaia e carrelli per trasferimenti rapidi.<br \/>\nLe nostre macchine e i nostri componenti sono progettati specificamente per la zincatura a caldo, con componenti di <strong>alta qualit\u00e0<\/strong> per prestazioni durature e su misura per le vostre esigenze specifiche.<br \/>\nCollaboriamo strettamente con voi per un&#8217;integrazione efficiente nel <strong>vostro layout industriale<\/strong>.<br \/>\nI nostri sistemi di sollevamento sono regolabili in velocit\u00e0 e dotati di encoder per la precisione. L&#8217;elettronica \u00e8 progettata per le condizioni pi\u00f9 difficili. Naturalmente, tutti i sistemi sono orientati a supportare la transizione verso l&#8217;<strong>Industria 4.0<\/strong>.<br \/>\nIn sintesi, le nostre soluzioni di sollevamento e movimentazione rispettano i pi\u00f9 <strong>elevati standard industriali<\/strong> e offrono <strong>prestazioni eccezionali<\/strong>.\n<h3>\n\t<b>Traverse di sollevamento <br \/>(o Bilancini)<\/b>\n\t<\/h3>\n\tLe traverse di sollevamento <em>(o bilancini)<\/em> sono fondamentali per l&#8217;ergonomia e l&#8217;efficienza di un impianto di zincatura. Le nostre traverse sono progettate per essere le pi\u00f9 leggere possibile rispetto al carico, mantenendo l&#8217;efficienza del sollevamento. Funzionano sia negli impianti tradizionali che in quelli completamente automatizzati, sono facilmente tracciabili grazie alla numerazione di identificazione del metallo e resistono anche a condizioni ambientali aggressive.<br \/>\nOgni traversa GIMECO \u00e8 dotata di ganci specificamente progettati per evitare qualsiasi situazione di instabilit\u00e0, che possono verificarsi con i ganci commerciali standard, dando origine a condizioni estremamente pericolose.\n<p>I layout di GIMECO garantiscono che tutto il processo, dall&#8217;ingresso del materiale allo scarico del prodotto finito, possa essere eseguito utilizzando <strong>un&#8217;unica traversa<\/strong>: ci\u00f2 significa grande razionalizzazione dei sistemi e risparmio di costi.<\/p>\n\t\t\t\t\t\t\t<img decoding=\"async\" src=\"https:\/\/gimeco.com\/wp-content\/plugins\/beaver-builder-lite-version\/img\/pixel.png\" alt=\"\" itemprop=\"image\" onerror=\"this.style.display='none'\"  \/>\n<h3>\n\t<b>Carriponte<\/b>\n\t<\/h3>\n\tProgettiamo carriponte tradizionali e multifunzionali, in grado di trasportare contemporaneamente traverse vuote e cariche per ottimizzare i tempi di produzione.<br \/>\nIl dimensionamento dei carriponte si basa sulla distanza tra le vie di corsa e sulla capacit\u00e0 massima di sollevamento, seguendo rigorosi standard internazionali e considerando la classe di servizio FEM\/DIN, che valuta i cicli operativi e la durata totale in relazione al carico.\n\t\t\tCaratteristiche\n\t\t<p><strong>Per impieghi gravosi<br \/><\/strong>ISO4301-1 classe A6 \/ M6; capacit\u00e0 fino a 15+15 tonnellate metriche (16.5+16.5 s.tons)<strong>Elevato posizionamento spaziale<br \/><\/strong>Disponibile in versione a 6 assi o in versione rotante, per consentire incredibili possibilit\u00e0 di posizionamento spaziale dei carichi.<strong>Doppia capacit\u00e0 di sollevamento<\/strong><strong>Doppio sistema di sicurezza<\/strong><\/p>\n<h3>\n\t<b>Paranchi &#8211; Monorotaie<\/b>\n\t<\/h3>\n\tParanchi e monorotaie si combinano per creare una parte fondamentale di un sistema di sollevamento completo e funzionale, garantendo grande affidabilit\u00e0, robustezza, facilit\u00e0 di manutenzione e sicurezza in una soluzione compatta.<br \/>\nProgettiamo paranchi che si integrano perfettamente nel sistema di sollevamento automatico con monorotaia. Essi sono realizzati con finiture meccaniche di alta qualit\u00e0 e sono dotati dei migliori componenti elettronici disponibili sul mercato.<br \/>\nTutti i movimenti sono controllati da encoder, raggiungendo un livello di precisione di azionamento mai visto prima nella zincatura a caldo.\n<p>Le passerelle di manutenzione completano l&#8217;attrezzatura, consentendo di eseguire comodamente la manutenzione ordinaria in totale sicurezza.<\/p>\n\t\t\tCaratteristiche\n\t\t<p><strong>Ultra compatto<br \/><\/strong>Il nuovo design dei nostri carrelli paranco consente di risparmiare fino al 30% di ingombro in altezza<strong>Elevata capacit\u00e0 di carico<br \/><\/strong>Versioni a fune d&#8217;acciaio fino a 15 tonnellate (16.5 s.tons)<strong>Doppio motore<br \/><\/strong>Per evitare arresti di funzionamento in caso di guasto di un motore<strong>Posizionamento con codice a barre o codice QR<br \/><\/strong>I paranchi includono un sensore ottico per rilevare la posizione tramite lettura di codici situati sulla monorotaia.<\/p>\n\t\t\t\t\t\t\t<img decoding=\"async\" src=\"https:\/\/gimeco.com\/wp-content\/plugins\/beaver-builder-lite-version\/img\/pixel.png\" alt=\"\" itemprop=\"image\" onerror=\"this.style.display='none'\"  \/>\n<h5>\n\tAGILIT\u00c0 E COMFORT\n\t<\/h5>\n<h3>\n\tStazioni intelligenti di <strong>sollevamento<\/strong><br \/>\n\t<\/h3>\n\t<p>Vero e proprio <strong>fulcro di innovazione e sicurezza<\/strong>, le stazioni di sollevamento consentono di appendere e rimuovere i materiali dalle traverse in modo ergonomico, sicuro e rapido. Il meccanismo di sollevamento, azionato elettricamente o da un cilindro idraulico, <strong>consente di regolare l&#8217;altezza<\/strong> in base alle esigenze di lavoro ed \u00e8 dotato di moderni dispositivi di <strong>pesatura<\/strong>, <strong>sicurezza<\/strong> ed <strong>emergenza<\/strong>. Il sistema si integra perfettamente nel layout dell&#8217;impianto, ottimizzando il <strong>flusso produttivo<\/strong> tra i processi coinvolti e garantendo un <strong>elevato comfort<\/strong> per gli operatori.<\/p>\n\t\t\tCaratteristiche\n\t\t<p><strong>Configurazione flessibile<br \/><\/strong>Design da mini a plus-size.<strong>Elevata capacit\u00e0 di carico<br \/><\/strong>Design fino a 15+15 tonnellate metriche (16.5+16.5 s.tons)<strong>Sollevatore efficiente<br \/><\/strong>Disponibili versioni motorizzate o elettroidrauliche.<strong>Elevato posizionamento spaziale<br \/><\/strong>Alto e basso &#8211; Avanti e indietro &#8211; Inclinazione<strong>Barriera di sicurezza per l&#8217;operatore<br \/><\/strong>Grazie a barriere immateriali, il sistema rileva se l&#8217;operatore oltrepassa il limite dell&#8217;area di lavoro mentre \u00e8 in funzione e, in caso positivo, provvede all&#8217;arresto immediato.<strong>Active safety lock\u2122<sup><br \/><\/sup><\/strong>Ogni postazione di sollevamento \u00e8 dotata di due sistemi di frenatura idraulica, che svolgono un&#8217;azione efficace mantenendo la traversa sempre in posizione verticale, eliminando quindi il rischio di caduta.<strong>Dispositivo di sicurezza del flusso d&#8217;olio<br \/><\/strong>In emergenza, arresta il flusso dell&#8217;olio in tutto il sistema idraulico.<strong>Celle di carico<\/strong><strong>Interruttori di corrispondenza della velocit\u00e0<br \/><\/strong>Controlla che i due motori di sollevamento funzionino sempre alla stessa velocit\u00e0.<strong>Interruttori di fine corsa<\/strong><strong>Interblocchi di sicurezza<\/strong><\/p>\n\t\t\tVantaggi\n\t\t<p><strong>Meno infortuni e assenze degli operatori<\/strong><strong>Aumento della capacit\u00e0 e della produttivit\u00e0<\/strong><strong>Migliore comfort degli operatori<br \/><\/strong>Assicura la sostenibilit\u00e0 del lavoro per le risorse umane<strong>Ottimizzazione del layout dell&#8217;impianto<\/strong><strong>Gestione intelligente dei costi operativi<br \/><\/strong>Aiuta a ridurre i costi operativi dell&#8217;impianto<\/p>\n<h3>\n\t<b>Carrelli di trasferimento<\/b>\n\t<\/h3>\n\t<p>I carrelli di trasferimento sono soluzioni altamente efficienti e affidabili nei sistemi di movimentazione. Tipicamente utilizzati per il <strong>trasferimento<\/strong> <strong>automatico<\/strong> o <strong>semi-automatico<\/strong> dei materiali all&#8217;interno della struttura, migliorano la sicurezza dell&#8217;operatore e l&#8217;efficienza tra i reparti.<\/p>\n<p>Questi carrelli riducono la dipendenza dai carrelli elevatori <em>(muletti)<\/em>, con un conseguente <strong>significativo risparmio economico<\/strong> dovuto alla riduzione degli investimenti e delle spese di movimentazione. Possono essere alimentati dalla <strong>rete elettrica<\/strong> o da sistemi a <strong>batteria<\/strong> con ricarica automatica. Inoltre, si integrano perfettamente con altri sistemi di movimentazione GIMECO.<\/p>\n<h3>\n\t<b>Buffer a doppio livello <\/b><br \/>per traverse\n\t<\/h3>\n\tUna soluzione brillante per tutti i casi in cui \u00e8 necessario <strong>aumentare significativamente la produttivit\u00e0<\/strong>, garantendo al contempo la completa sicurezza dell&#8217;impianto, consiste nell&#8217;installazione di sistemi di buffering <em>(o buffer di accumulo)<\/em> per le traverse <em>(o bilancini),<\/em> con conseguente <strong>minor ricorso ai carriponte<\/strong>.<br \/>\nCiascuno di questi buffer \u00e8 situato nelle aree di carico e scarico e comprende tutte le funzioni automatiche relative alla gestione delle scaffalature di sollevamento.<br \/>\nLa <strong>movimentazione avviene contemporaneamente a due livelli diversi<\/strong>: la parte inferiore \u00e8 destinata alla movimentazione delle traverse cariche <em>(di materiale nero oppure zincato),<\/em> accoppiata alla stazione di sollevamento idraulica posizionata alle due estremit\u00e0 del buffer e alle navette di trasferimento, mentre la parte superiore \u00e8 destinata alla movimentazione delle traverse vuote. I movimenti sono azionati elettricamente e sono ciclici, il che garantisce che la posizione iniziale all&#8217;inizio del buffer rimanga sempre vuota e disponibile.\n<h3>\n\t<strong>Stazioni di immersione ed estrazione <\/strong>per passivazione\n\t<\/h3>\n\t<p>Queste stazioni facilitano l&#8217;immersione dei materiali nelle vasche di raffreddamento e passivazione e consentono di regolarne l&#8217;altezza e l&#8217;inclinazione, semplificando il processo. In caso di guasto, le operazioni possono proseguire utilizzando il carroponte.<\/p>\n<h3>\n\tEquipaggiamenti dedicati a<br \/><b>zincatura tubi e condutture<\/b>\n\t<\/h3>\n\t<a href=\"https:\/\/gimeco.com\/it\/zincatura-tubi-e-condutture\/\" target=\"_self\" role=\"button\" rel=\"noopener\">\n\t\t\t\t\t <b>Approfondisci<\/b>\n\t<\/a>\n<h3>\n\tEquipaggiamenti dedicati a<br \/><b>zincatura automatica a centrifuga<\/b>\n\t<\/h3>\n\t<a href=\"https:\/\/gimeco.com\/it\/zincatura-automatica-a-centrifuga\/\" target=\"_self\" role=\"button\" rel=\"noopener\">\n\t\t\t\t\t <b>Approfondisci<\/b>\n\t<\/a>\n\n<\/div><!-- .vgblk-rw-wrapper -->","protected":false},"excerpt":{"rendered":"<p>Logistica interna e movimentazione dei materiali Le nostre proposte di movimentazione rappresentano un&#8217;innovazione cruciale per l&#8217;efficienza industriale. Personalizziamo le soluzioni tecnologiche per ogni reparto, eliminando i colli di bottiglia che ostacolano la produzione. Ogni nostro sistema \u00e8 meticolosamente progettato per garantire prestazioni ottimali in tutte le fasi del processo. Utilizziamo moderni carriponte, paranchi automatizzati a&#8230;<\/p>\n","protected":false},"author":1,"featured_media":0,"parent":0,"menu_order":0,"comment_status":"closed","ping_status":"closed","template":"","meta":{"inline_featured_image":false,"footnotes":""},"class_list":["post-20285","page","type-page","status-publish","hentry"],"yoast_head":"<!-- This site is optimized with the Yoast SEO plugin v26.4 - https:\/\/yoast.com\/wordpress\/plugins\/seo\/ -->\n<title>Movimentazione \u2013 Automazione | GIMECO Impianti<\/title>\n<meta name=\"description\" content=\"Le nostre proposte di movimentazione rappresentano un&#039;innovazione cruciale per l&#039;efficienza industriale\" \/>\n<meta name=\"robots\" content=\"index, follow, max-snippet:-1, max-image-preview:large, max-video-preview:-1\" \/>\n<link rel=\"canonical\" href=\"https:\/\/gimeco.com\/handling-automation\/\" \/>\n<meta property=\"og:locale\" content=\"it_IT\" \/>\n<meta property=\"og:type\" content=\"article\" \/>\n<meta property=\"og:title\" content=\"Movimentazione \u2013 Automazione | GIMECO Impianti\" \/>\n<meta property=\"og:description\" content=\"Le nostre proposte di movimentazione rappresentano un&#039;innovazione cruciale per l&#039;efficienza industriale\" \/>\n<meta property=\"og:url\" content=\"https:\/\/gimeco.com\/handling-automation\/\" \/>\n<meta property=\"og:site_name\" content=\"GIMECO Impianti\" \/>\n<meta property=\"article:publisher\" content=\"https:\/\/www.facebook.com\/gimecogroup\" \/>\n<meta property=\"article:modified_time\" content=\"2024-05-31T15:09:34+00:00\" \/>\n<meta property=\"og:image\" content=\"https:\/\/gimeco.com\/wp-content\/plugins\/beaver-builder-lite-version\/img\/pixel.png\" \/>\n<script type=\"application\/ld+json\" class=\"yoast-schema-graph\">{\"@context\":\"https:\/\/schema.org\",\"@graph\":[{\"@type\":\"WebPage\",\"@id\":\"https:\/\/gimeco.com\/handling-automation\/\",\"url\":\"https:\/\/gimeco.com\/handling-automation\/\",\"name\":\"Movimentazione \u2013 Automazione | GIMECO Impianti\",\"isPartOf\":{\"@id\":\"https:\/\/gimeco.com\/#website\"},\"primaryImageOfPage\":{\"@id\":\"https:\/\/gimeco.com\/handling-automation\/#primaryimage\"},\"image\":{\"@id\":\"https:\/\/gimeco.com\/handling-automation\/#primaryimage\"},\"thumbnailUrl\":\"https:\/\/gimeco.com\/wp-content\/plugins\/beaver-builder-lite-version\/img\/pixel.png\",\"datePublished\":\"2023-10-03T13:08:13+00:00\",\"dateModified\":\"2024-05-31T15:09:34+00:00\",\"description\":\"Le nostre proposte di movimentazione rappresentano un'innovazione cruciale per l'efficienza industriale\",\"breadcrumb\":{\"@id\":\"https:\/\/gimeco.com\/handling-automation\/#breadcrumb\"},\"inLanguage\":\"it-IT\",\"potentialAction\":[{\"@type\":\"ReadAction\",\"target\":[\"https:\/\/gimeco.com\/handling-automation\/\"]}]},{\"@type\":\"ImageObject\",\"inLanguage\":\"it-IT\",\"@id\":\"https:\/\/gimeco.com\/handling-automation\/#primaryimage\",\"url\":\"https:\/\/gimeco.com\/wp-content\/plugins\/beaver-builder-lite-version\/img\/pixel.png\",\"contentUrl\":\"https:\/\/gimeco.com\/wp-content\/plugins\/beaver-builder-lite-version\/img\/pixel.png\"},{\"@type\":\"BreadcrumbList\",\"@id\":\"https:\/\/gimeco.com\/handling-automation\/#breadcrumb\",\"itemListElement\":[{\"@type\":\"ListItem\",\"position\":1,\"name\":\"Home\",\"item\":\"https:\/\/gimeco.com\/it\/\"},{\"@type\":\"ListItem\",\"position\":2,\"name\":\"Movimentazione \u2013 Automazione\"}]},{\"@type\":\"WebSite\",\"@id\":\"https:\/\/gimeco.com\/#website\",\"url\":\"https:\/\/gimeco.com\/\",\"name\":\"gimeco.com\",\"description\":\"Your Partner from A to Zink\",\"publisher\":{\"@id\":\"https:\/\/gimeco.com\/#organization\"},\"alternateName\":\"Gimeco\",\"potentialAction\":[{\"@type\":\"SearchAction\",\"target\":{\"@type\":\"EntryPoint\",\"urlTemplate\":\"https:\/\/gimeco.com\/?s={search_term_string}\"},\"query-input\":{\"@type\":\"PropertyValueSpecification\",\"valueRequired\":true,\"valueName\":\"search_term_string\"}}],\"inLanguage\":\"it-IT\"},{\"@type\":\"Organization\",\"@id\":\"https:\/\/gimeco.com\/#organization\",\"name\":\"Gimeco\",\"url\":\"https:\/\/gimeco.com\/\",\"logo\":{\"@type\":\"ImageObject\",\"inLanguage\":\"it-IT\",\"@id\":\"https:\/\/gimeco.com\/#\/schema\/logo\/image\/\",\"url\":\"https:\/\/gimeco.com\/wp-content\/uploads\/2023\/11\/Logo_GIMECO_StringNoPayoff-250.png\",\"contentUrl\":\"https:\/\/gimeco.com\/wp-content\/uploads\/2023\/11\/Logo_GIMECO_StringNoPayoff-250.png\",\"width\":250,\"height\":98,\"caption\":\"Gimeco\"},\"image\":{\"@id\":\"https:\/\/gimeco.com\/#\/schema\/logo\/image\/\"},\"sameAs\":[\"https:\/\/www.facebook.com\/gimecogroup\"]}]}<\/script>\n<!-- \/ Yoast SEO plugin. -->","yoast_head_json":{"title":"Movimentazione \u2013 Automazione | GIMECO Impianti","description":"Le nostre proposte di movimentazione rappresentano un'innovazione cruciale per l'efficienza industriale","robots":{"index":"index","follow":"follow","max-snippet":"max-snippet:-1","max-image-preview":"max-image-preview:large","max-video-preview":"max-video-preview:-1"},"canonical":"https:\/\/gimeco.com\/handling-automation\/","og_locale":"it_IT","og_type":"article","og_title":"Movimentazione \u2013 Automazione | GIMECO Impianti","og_description":"Le nostre proposte di movimentazione rappresentano un'innovazione cruciale per l'efficienza industriale","og_url":"https:\/\/gimeco.com\/handling-automation\/","og_site_name":"GIMECO Impianti","article_publisher":"https:\/\/www.facebook.com\/gimecogroup","article_modified_time":"2024-05-31T15:09:34+00:00","og_image":[{"url":"https:\/\/gimeco.com\/wp-content\/plugins\/beaver-builder-lite-version\/img\/pixel.png","type":"","width":"","height":""}],"schema":{"@context":"https:\/\/schema.org","@graph":[{"@type":"WebPage","@id":"https:\/\/gimeco.com\/handling-automation\/","url":"https:\/\/gimeco.com\/handling-automation\/","name":"Movimentazione \u2013 Automazione | GIMECO Impianti","isPartOf":{"@id":"https:\/\/gimeco.com\/#website"},"primaryImageOfPage":{"@id":"https:\/\/gimeco.com\/handling-automation\/#primaryimage"},"image":{"@id":"https:\/\/gimeco.com\/handling-automation\/#primaryimage"},"thumbnailUrl":"https:\/\/gimeco.com\/wp-content\/plugins\/beaver-builder-lite-version\/img\/pixel.png","datePublished":"2023-10-03T13:08:13+00:00","dateModified":"2024-05-31T15:09:34+00:00","description":"Le nostre proposte di movimentazione rappresentano un'innovazione cruciale per l'efficienza industriale","breadcrumb":{"@id":"https:\/\/gimeco.com\/handling-automation\/#breadcrumb"},"inLanguage":"it-IT","potentialAction":[{"@type":"ReadAction","target":["https:\/\/gimeco.com\/handling-automation\/"]}]},{"@type":"ImageObject","inLanguage":"it-IT","@id":"https:\/\/gimeco.com\/handling-automation\/#primaryimage","url":"https:\/\/gimeco.com\/wp-content\/plugins\/beaver-builder-lite-version\/img\/pixel.png","contentUrl":"https:\/\/gimeco.com\/wp-content\/plugins\/beaver-builder-lite-version\/img\/pixel.png"},{"@type":"BreadcrumbList","@id":"https:\/\/gimeco.com\/handling-automation\/#breadcrumb","itemListElement":[{"@type":"ListItem","position":1,"name":"Home","item":"https:\/\/gimeco.com\/it\/"},{"@type":"ListItem","position":2,"name":"Movimentazione \u2013 Automazione"}]},{"@type":"WebSite","@id":"https:\/\/gimeco.com\/#website","url":"https:\/\/gimeco.com\/","name":"gimeco.com","description":"Your Partner from A to Zink","publisher":{"@id":"https:\/\/gimeco.com\/#organization"},"alternateName":"Gimeco","potentialAction":[{"@type":"SearchAction","target":{"@type":"EntryPoint","urlTemplate":"https:\/\/gimeco.com\/?s={search_term_string}"},"query-input":{"@type":"PropertyValueSpecification","valueRequired":true,"valueName":"search_term_string"}}],"inLanguage":"it-IT"},{"@type":"Organization","@id":"https:\/\/gimeco.com\/#organization","name":"Gimeco","url":"https:\/\/gimeco.com\/","logo":{"@type":"ImageObject","inLanguage":"it-IT","@id":"https:\/\/gimeco.com\/#\/schema\/logo\/image\/","url":"https:\/\/gimeco.com\/wp-content\/uploads\/2023\/11\/Logo_GIMECO_StringNoPayoff-250.png","contentUrl":"https:\/\/gimeco.com\/wp-content\/uploads\/2023\/11\/Logo_GIMECO_StringNoPayoff-250.png","width":250,"height":98,"caption":"Gimeco"},"image":{"@id":"https:\/\/gimeco.com\/#\/schema\/logo\/image\/"},"sameAs":["https:\/\/www.facebook.com\/gimecogroup"]}]}},"_links":{"self":[{"href":"https:\/\/gimeco.com\/it\/wp-json\/wp\/v2\/pages\/20285","targetHints":{"allow":["GET"]}}],"collection":[{"href":"https:\/\/gimeco.com\/it\/wp-json\/wp\/v2\/pages"}],"about":[{"href":"https:\/\/gimeco.com\/it\/wp-json\/wp\/v2\/types\/page"}],"author":[{"embeddable":true,"href":"https:\/\/gimeco.com\/it\/wp-json\/wp\/v2\/users\/1"}],"replies":[{"embeddable":true,"href":"https:\/\/gimeco.com\/it\/wp-json\/wp\/v2\/comments?post=20285"}],"version-history":[{"count":9,"href":"https:\/\/gimeco.com\/it\/wp-json\/wp\/v2\/pages\/20285\/revisions"}],"predecessor-version":[{"id":22556,"href":"https:\/\/gimeco.com\/it\/wp-json\/wp\/v2\/pages\/20285\/revisions\/22556"}],"wp:attachment":[{"href":"https:\/\/gimeco.com\/it\/wp-json\/wp\/v2\/media?parent=20285"}],"curies":[{"name":"wp","href":"https:\/\/api.w.org\/{rel}","templated":true}]}}