{"id":20288,"date":"2023-10-03T09:41:44","date_gmt":"2023-10-03T09:41:44","guid":{"rendered":"https:\/\/gimeco.com\/tecnologie\/tubes-and-pipes-galvanizing\/"},"modified":"2024-05-30T14:53:11","modified_gmt":"2024-05-30T14:53:11","slug":"zincatura-tubi-e-condutture","status":"publish","type":"page","link":"https:\/\/gimeco.com\/it\/zincatura-tubi-e-condutture\/","title":{"rendered":"Zincatura tubi e condutture"},"content":{"rendered":"<div class=\"vgblk-rw-wrapper limit-wrapper\">\n\n\t<p>Nel corso degli anni, e con un know-how rafforzato a seguito dell&#8217;acquisizione della societ\u00e0 CO.T.IMP.I, noi di GIMECO abbiamo progettato e realizzato impianti completi per la zincatura a caldo di tubi e condutture altamente affidabili, con l&#8217;obiettivo di ottimizzare e <strong>standardizzare il processo<\/strong> produttivo a livelli di alta qualit\u00e0, controllandone e gestendone le varie fasi.<\/p>\n<p>Offriamo impianti di zincatura di tubi con un <strong>elevato livello di automazione<\/strong>. Dalla fase di pretrattamento chimico a quella di passivazione, tutte le operazioni sono svolte in modo completamente automatico e che necessitano solo di una saltuaria supervisione da parte dell&#8217;operatore. Grande attenzione \u00e8 stata dedicata alla gestione delle linee per <strong>preservare l&#8217;ambiente di lavoro circostante<\/strong>, rispettando i limiti pi\u00f9 severi imposti dalle autorit\u00e0 competenti.<\/p>\n<p>L&#8217;intera linea di zincatura tubi \u00e8 progettata per operare ad alta efficienza, ottenendo <strong>prestazioni di alta produttivit\u00e0 e elevata qualit\u00e0<\/strong>. Questi elementi, uniti ad un controllo completo della produzione, hanno portato a risultati significativi in termini di efficienza energetica e di utilizzo delle materie prime.<\/p>\n<h3>\n\t<strong>Trasportatori continui di fasci di tubi  <\/strong>\n\t<\/h3>\n<h3>\n\t<strong>Macchine di apertura fasci  <br \/><\/strong>\n\t<\/h3>\n<h3>\n\t<strong>Macchine per l&#8217;alimentazione degli essiccatoi<\/strong>\n\t<\/h3>\n\tI tubi vengono immessi in linea in fasci e direttamente agganciati al sistema di trasporto universale <em>(traverse)<\/em> per la loro gestione lungo tutta la fase di pretrattamento.<br \/>\nI fasci provenienti dalla vasca di flussaggio vengono posizionati su un nastro trasportatore inclinato, dimensionato per contenere e ricevere pi\u00f9 fasci contemporaneamente pur mantenendo completa tracciabilit\u00e0. I fasci di tubi si muovono verso il dispositivo che li apre, allineando poi i singoli tubi. Questi ultimi sono successivamente inviati all&#8217;ingresso dell&#8217;essiccatoio.<br \/>\nQuesto equipaggiamento \u00e8 totalmente automatico e richiede l&#8217;intervento saltuario di un operatore.\n\t\t\t\t\t\t\t<img decoding=\"async\" src=\"https:\/\/gimeco.com\/wp-content\/plugins\/beaver-builder-lite-version\/img\/pixel.png\" alt=\"\" itemprop=\"image\" onerror=\"this.style.display='none'\"  \/>\n<h3>\n\t<b>Essiccatoi a trasportatore a catena <\/b>\n\t<\/h3>\n\tI nostri essiccatoi assicurano una totale asciugatura ed un sensibile preriscaldamento dei tubi consentendo alte velocit\u00e0 di immersione nello zinco fuso, evitando di bruciare il flussante e limitando la deformazione da shock termico.<br \/>\nLe prestazioni di essiccazione sono elevate grazie alla grande quantit\u00e0 di portata di ricircolo e al flusso d&#8217;aria che passa intorno e attraverso i tubi da essiccare, <strong>evitando perci\u00f2 temperature eccessive<\/strong>.<br \/>\nL&#8217;aria di essiccazione viene riscaldata alla temperatura desiderata da uno scambiatore di calore indiretto, solitamente alimentato con vapore.\n<h3>\n\t<strong>Alimentatore in continuo per zincatura tubi<\/strong>\n\t<\/h3>\n\tI tubi provenienti dall&#8217;essiccatoio vengono prelevati da dispositivo a passo pellegrino che alimenta le rulliere di lancio in modo tale da avere la macchina di zincatura alimentata in modo continuo.<br \/>\nQuesto equipaggiamento \u00e8 totalmente automatico e richiede l&#8217;intervento saltuario di un operatore.\n<h3>\n\t<strong>Macchine per immersione ed estrazione dal bagno di zinco<\/strong>\n\t<\/h3>\n\tQuesta macchina di immersione \u00e8 dotata di un doppio set di viti di immersione sincronizzate per immergere ed estrarre i tubi in coppia; il design innovativo consente la diminuzione della larghezza vasca pur <strong>massimizzando il numero di tubi processati contemporaneamente<\/strong>.<br \/>\nI set di viti di immersione possono gestire tubi di varie dimensioni, con un set disponibile per la manutenzione mentre l&#8217;altro \u00e8 in funzione.<br \/>\nIl sistema a viti elicoidali garantisce l&#8217;uniformit\u00e0 di aderito <em>(gestita tramite ricette).<\/em><br \/>\nDopo l&#8217;immersione, i tubi vengono estratti con ganci verticali. La macchina \u00e8 facilmente smontabile per modifiche o riparazioni.<br \/>\nQuesto equipaggiamento \u00e8 totalmente automatico e richiede l&#8217;intervento saltuario di un operatore.\n<h3>\n\t<b>Macchine per pulizia e soffiatura <\/b>\n\t<\/h3>\n<h3>\n\t<b>Recupero e filtrazione degli ossidi di zinco<\/b>\n\t<\/h3>\n\tQuesta macchina fornisce i tubi da pulire dall&#8217;eccesso di zinco dopo l&#8217;estrazione dalla vasca, sia esternamente sia internamente.<br \/>\nLa macchina \u00e8 adatta per tubi di diametro da piccolo a grande <em>(nel caso di diametri maggiori, la macchina \u00e8 dotata di un mandrino di soffiaggio sporgente) <\/em>e prevede il recupero e canalizzazione dei fumi bianchi al filtro dell&#8217;impianto.<br \/>\nQuesto equipaggiamento \u00e8 totalmente automatico e richiede l&#8217;intervento saltuario di un operatore.\n<h3>\n\t<b>Ruote dentate a stella per vasche di raffreddamento<\/b>\n\t<\/h3>\n<h3>\n\t<b>  Cappe di raccolta del vapore<\/b>\n\t<\/h3>\n\tDopo le operazioni di immersione, i tubi vengono rilasciati in una vasca di tempra ad acqua, dotata di un elemento a ruota dentata a stella <em>(facilmente rimovibile dalla vasca per ispezioni e manutenzione)<\/em> che migliora l&#8217;efficienza operativa guidando ed estraendo il materiale dalla vasca.<br \/>\nI vapori generati dal raffreddamento dei tubi vengono raccolti da una cappa dedicata.\n<h3>\n\t<strong>Nastri trasportatori per ispezione ed accumulo <\/strong>\n\t<\/h3>\n<h3>\n\t<b>Rulliere di trasferimento<\/b>\n\t<\/h3>\n<h3>\n\t<b>Sistemi di separazione dei tubi difettosi<\/b>\n\t<\/h3>\n\n<\/div><!-- .vgblk-rw-wrapper -->","protected":false},"excerpt":{"rendered":"<p>Nel corso degli anni, e con un know-how rafforzato a seguito dell&#8217;acquisizione della societ\u00e0 CO.T.IMP.I, noi di GIMECO abbiamo progettato e realizzato impianti completi per la zincatura a caldo di tubi e condutture altamente affidabili, con l&#8217;obiettivo di ottimizzare e standardizzare il processo produttivo a livelli di alta qualit\u00e0, controllandone e gestendone le varie fasi&#8230;.<\/p>\n","protected":false},"author":1,"featured_media":0,"parent":0,"menu_order":0,"comment_status":"closed","ping_status":"closed","template":"","meta":{"inline_featured_image":false,"footnotes":""},"class_list":["post-20288","page","type-page","status-publish","hentry"],"yoast_head":"<!-- This site is optimized with the Yoast SEO plugin v26.4 - https:\/\/yoast.com\/wordpress\/plugins\/seo\/ -->\n<title>Zincatura tubi e condutture | GIMECO Impianti<\/title>\n<meta name=\"description\" content=\"Nel corso degli anni, e con un know-how rafforzato a seguito dell&#039;acquisizione della societ\u00e0 CO.T.IMP.I\" \/>\n<meta name=\"robots\" content=\"index, follow, max-snippet:-1, max-image-preview:large, max-video-preview:-1\" \/>\n<link rel=\"canonical\" href=\"https:\/\/gimeco.com\/tubes-and-pipes-galvanizing\/\" \/>\n<meta property=\"og:locale\" content=\"it_IT\" \/>\n<meta property=\"og:type\" content=\"article\" \/>\n<meta property=\"og:title\" content=\"Zincatura tubi e condutture | GIMECO Impianti\" \/>\n<meta property=\"og:description\" content=\"Nel corso degli anni, e con un know-how rafforzato a seguito dell&#039;acquisizione della societ\u00e0 CO.T.IMP.I\" \/>\n<meta property=\"og:url\" content=\"https:\/\/gimeco.com\/tubes-and-pipes-galvanizing\/\" \/>\n<meta property=\"og:site_name\" content=\"GIMECO Impianti\" \/>\n<meta property=\"article:publisher\" content=\"https:\/\/www.facebook.com\/gimecogroup\" \/>\n<meta property=\"article:modified_time\" content=\"2024-05-30T14:53:11+00:00\" \/>\n<meta property=\"og:image\" content=\"https:\/\/gimeco.com\/wp-content\/plugins\/beaver-builder-lite-version\/img\/pixel.png\" \/>\n<script type=\"application\/ld+json\" class=\"yoast-schema-graph\">{\"@context\":\"https:\/\/schema.org\",\"@graph\":[{\"@type\":\"WebPage\",\"@id\":\"https:\/\/gimeco.com\/tubes-and-pipes-galvanizing\/\",\"url\":\"https:\/\/gimeco.com\/tubes-and-pipes-galvanizing\/\",\"name\":\"Zincatura tubi e condutture | GIMECO Impianti\",\"isPartOf\":{\"@id\":\"https:\/\/gimeco.com\/#website\"},\"primaryImageOfPage\":{\"@id\":\"https:\/\/gimeco.com\/tubes-and-pipes-galvanizing\/#primaryimage\"},\"image\":{\"@id\":\"https:\/\/gimeco.com\/tubes-and-pipes-galvanizing\/#primaryimage\"},\"thumbnailUrl\":\"https:\/\/gimeco.com\/wp-content\/plugins\/beaver-builder-lite-version\/img\/pixel.png\",\"datePublished\":\"2023-10-03T09:41:44+00:00\",\"dateModified\":\"2024-05-30T14:53:11+00:00\",\"description\":\"Nel corso degli anni, e con un know-how rafforzato a seguito dell'acquisizione della societ\u00e0 CO.T.IMP.I\",\"breadcrumb\":{\"@id\":\"https:\/\/gimeco.com\/tubes-and-pipes-galvanizing\/#breadcrumb\"},\"inLanguage\":\"it-IT\",\"potentialAction\":[{\"@type\":\"ReadAction\",\"target\":[\"https:\/\/gimeco.com\/tubes-and-pipes-galvanizing\/\"]}]},{\"@type\":\"ImageObject\",\"inLanguage\":\"it-IT\",\"@id\":\"https:\/\/gimeco.com\/tubes-and-pipes-galvanizing\/#primaryimage\",\"url\":\"https:\/\/gimeco.com\/wp-content\/plugins\/beaver-builder-lite-version\/img\/pixel.png\",\"contentUrl\":\"https:\/\/gimeco.com\/wp-content\/plugins\/beaver-builder-lite-version\/img\/pixel.png\"},{\"@type\":\"BreadcrumbList\",\"@id\":\"https:\/\/gimeco.com\/tubes-and-pipes-galvanizing\/#breadcrumb\",\"itemListElement\":[{\"@type\":\"ListItem\",\"position\":1,\"name\":\"Home\",\"item\":\"https:\/\/gimeco.com\/it\/\"},{\"@type\":\"ListItem\",\"position\":2,\"name\":\"Zincatura tubi e condutture\"}]},{\"@type\":\"WebSite\",\"@id\":\"https:\/\/gimeco.com\/#website\",\"url\":\"https:\/\/gimeco.com\/\",\"name\":\"gimeco.com\",\"description\":\"Your Partner from A to Zink\",\"publisher\":{\"@id\":\"https:\/\/gimeco.com\/#organization\"},\"alternateName\":\"Gimeco\",\"potentialAction\":[{\"@type\":\"SearchAction\",\"target\":{\"@type\":\"EntryPoint\",\"urlTemplate\":\"https:\/\/gimeco.com\/?s={search_term_string}\"},\"query-input\":{\"@type\":\"PropertyValueSpecification\",\"valueRequired\":true,\"valueName\":\"search_term_string\"}}],\"inLanguage\":\"it-IT\"},{\"@type\":\"Organization\",\"@id\":\"https:\/\/gimeco.com\/#organization\",\"name\":\"Gimeco\",\"url\":\"https:\/\/gimeco.com\/\",\"logo\":{\"@type\":\"ImageObject\",\"inLanguage\":\"it-IT\",\"@id\":\"https:\/\/gimeco.com\/#\/schema\/logo\/image\/\",\"url\":\"https:\/\/gimeco.com\/wp-content\/uploads\/2023\/11\/Logo_GIMECO_StringNoPayoff-250.png\",\"contentUrl\":\"https:\/\/gimeco.com\/wp-content\/uploads\/2023\/11\/Logo_GIMECO_StringNoPayoff-250.png\",\"width\":250,\"height\":98,\"caption\":\"Gimeco\"},\"image\":{\"@id\":\"https:\/\/gimeco.com\/#\/schema\/logo\/image\/\"},\"sameAs\":[\"https:\/\/www.facebook.com\/gimecogroup\"]}]}<\/script>\n<!-- \/ Yoast SEO plugin. -->","yoast_head_json":{"title":"Zincatura tubi e condutture | GIMECO Impianti","description":"Nel corso degli anni, e con un know-how rafforzato a seguito dell'acquisizione della societ\u00e0 CO.T.IMP.I","robots":{"index":"index","follow":"follow","max-snippet":"max-snippet:-1","max-image-preview":"max-image-preview:large","max-video-preview":"max-video-preview:-1"},"canonical":"https:\/\/gimeco.com\/tubes-and-pipes-galvanizing\/","og_locale":"it_IT","og_type":"article","og_title":"Zincatura tubi e condutture | GIMECO Impianti","og_description":"Nel corso degli anni, e con un know-how rafforzato a seguito dell'acquisizione della societ\u00e0 CO.T.IMP.I","og_url":"https:\/\/gimeco.com\/tubes-and-pipes-galvanizing\/","og_site_name":"GIMECO Impianti","article_publisher":"https:\/\/www.facebook.com\/gimecogroup","article_modified_time":"2024-05-30T14:53:11+00:00","og_image":[{"url":"https:\/\/gimeco.com\/wp-content\/plugins\/beaver-builder-lite-version\/img\/pixel.png","type":"","width":"","height":""}],"schema":{"@context":"https:\/\/schema.org","@graph":[{"@type":"WebPage","@id":"https:\/\/gimeco.com\/tubes-and-pipes-galvanizing\/","url":"https:\/\/gimeco.com\/tubes-and-pipes-galvanizing\/","name":"Zincatura tubi e condutture | GIMECO Impianti","isPartOf":{"@id":"https:\/\/gimeco.com\/#website"},"primaryImageOfPage":{"@id":"https:\/\/gimeco.com\/tubes-and-pipes-galvanizing\/#primaryimage"},"image":{"@id":"https:\/\/gimeco.com\/tubes-and-pipes-galvanizing\/#primaryimage"},"thumbnailUrl":"https:\/\/gimeco.com\/wp-content\/plugins\/beaver-builder-lite-version\/img\/pixel.png","datePublished":"2023-10-03T09:41:44+00:00","dateModified":"2024-05-30T14:53:11+00:00","description":"Nel corso degli anni, e con un know-how rafforzato a seguito dell'acquisizione della societ\u00e0 CO.T.IMP.I","breadcrumb":{"@id":"https:\/\/gimeco.com\/tubes-and-pipes-galvanizing\/#breadcrumb"},"inLanguage":"it-IT","potentialAction":[{"@type":"ReadAction","target":["https:\/\/gimeco.com\/tubes-and-pipes-galvanizing\/"]}]},{"@type":"ImageObject","inLanguage":"it-IT","@id":"https:\/\/gimeco.com\/tubes-and-pipes-galvanizing\/#primaryimage","url":"https:\/\/gimeco.com\/wp-content\/plugins\/beaver-builder-lite-version\/img\/pixel.png","contentUrl":"https:\/\/gimeco.com\/wp-content\/plugins\/beaver-builder-lite-version\/img\/pixel.png"},{"@type":"BreadcrumbList","@id":"https:\/\/gimeco.com\/tubes-and-pipes-galvanizing\/#breadcrumb","itemListElement":[{"@type":"ListItem","position":1,"name":"Home","item":"https:\/\/gimeco.com\/it\/"},{"@type":"ListItem","position":2,"name":"Zincatura tubi e condutture"}]},{"@type":"WebSite","@id":"https:\/\/gimeco.com\/#website","url":"https:\/\/gimeco.com\/","name":"gimeco.com","description":"Your Partner from A to Zink","publisher":{"@id":"https:\/\/gimeco.com\/#organization"},"alternateName":"Gimeco","potentialAction":[{"@type":"SearchAction","target":{"@type":"EntryPoint","urlTemplate":"https:\/\/gimeco.com\/?s={search_term_string}"},"query-input":{"@type":"PropertyValueSpecification","valueRequired":true,"valueName":"search_term_string"}}],"inLanguage":"it-IT"},{"@type":"Organization","@id":"https:\/\/gimeco.com\/#organization","name":"Gimeco","url":"https:\/\/gimeco.com\/","logo":{"@type":"ImageObject","inLanguage":"it-IT","@id":"https:\/\/gimeco.com\/#\/schema\/logo\/image\/","url":"https:\/\/gimeco.com\/wp-content\/uploads\/2023\/11\/Logo_GIMECO_StringNoPayoff-250.png","contentUrl":"https:\/\/gimeco.com\/wp-content\/uploads\/2023\/11\/Logo_GIMECO_StringNoPayoff-250.png","width":250,"height":98,"caption":"Gimeco"},"image":{"@id":"https:\/\/gimeco.com\/#\/schema\/logo\/image\/"},"sameAs":["https:\/\/www.facebook.com\/gimecogroup"]}]}},"_links":{"self":[{"href":"https:\/\/gimeco.com\/it\/wp-json\/wp\/v2\/pages\/20288","targetHints":{"allow":["GET"]}}],"collection":[{"href":"https:\/\/gimeco.com\/it\/wp-json\/wp\/v2\/pages"}],"about":[{"href":"https:\/\/gimeco.com\/it\/wp-json\/wp\/v2\/types\/page"}],"author":[{"embeddable":true,"href":"https:\/\/gimeco.com\/it\/wp-json\/wp\/v2\/users\/1"}],"replies":[{"embeddable":true,"href":"https:\/\/gimeco.com\/it\/wp-json\/wp\/v2\/comments?post=20288"}],"version-history":[{"count":6,"href":"https:\/\/gimeco.com\/it\/wp-json\/wp\/v2\/pages\/20288\/revisions"}],"predecessor-version":[{"id":22364,"href":"https:\/\/gimeco.com\/it\/wp-json\/wp\/v2\/pages\/20288\/revisions\/22364"}],"wp:attachment":[{"href":"https:\/\/gimeco.com\/it\/wp-json\/wp\/v2\/media?parent=20288"}],"curies":[{"name":"wp","href":"https:\/\/api.w.org\/{rel}","templated":true}]}}