{"id":22099,"date":"2024-05-17T09:10:06","date_gmt":"2024-05-17T09:10:06","guid":{"rendered":"https:\/\/gimeco.com\/technologies\/"},"modified":"2026-03-13T09:17:51","modified_gmt":"2026-03-13T09:17:51","slug":"tecnologie","status":"publish","type":"page","link":"https:\/\/gimeco.com\/it\/tecnologie\/","title":{"rendered":"Tecnologie"},"content":{"rendered":"<div class=\"vgblk-rw-wrapper limit-wrapper\">\n\n\t<p>Il core business di GIMECO, fin dalla sua fondazione, \u00e8 la progettazione e la messa in servizio di linee complete di zincatura a caldo <strong>chiavi in mano<\/strong>, che comprendono sistemi, equipaggiamenti e macchine, attrezzature ausiliarie e soluzioni digitali per ogni fase di processo.<\/p>\nLe nostre soluzioni comprendono configurazioni standard con <strong>unit\u00e0 termiche<\/strong><em> (forno-essiccatoio)<\/em> e <strong>processi chimici<\/strong> <em>(sgrassaggio, decapaggio, flussaggio),<\/em> nonch\u00e9 configurazioni pi\u00f9 complesse che incorporano l&#8217;<strong>automazione della movimentazione<\/strong>, della logistica e del sollevamento.<br \/>\nUn impianto industriale GIMECO \u00e8 sempre profondamente personalizzato per soddisfare le vostre specifiche esigenze e <strong>progettato minuziosamente<\/strong> fino all&#8217;ultimo dettaglio, assistendovi anche durante l&#8217;investimento, l&#8217;operativit\u00e0 e la valutazione dei consumi energetici.\n<p>I nostri tecnici possono lavorare con voi per trovare la soluzione pi\u00f9 adatta alla vostra azienda, sia che si tratti di <strong>costruire ex novo<\/strong> su un lotto di terreno aperto o all&#8217;interno di un edificio gi\u00e0 progettato, sia che si tratti di un <b>ammodernamento <\/b><em>(revamping)<\/em> completo di impianti industriali esistenti.<\/p>\n<p>Un impianto industriale di zincatura GIMECO \u00e8 configurato per garantire che l&#8217;intero flusso produttivo operi con la <strong>massima efficienza<\/strong>, costi minimi, il <strong>minor impatto<\/strong> possibile sull&#8217;ambiente e il massimo <strong>ritorno economico<\/strong>.<\/p>\n<h3>\n\t<strong>Come<\/strong> lavoriamo\n\t<\/h3>\n\t<p>GIMECO ha una <strong>visione a tutto tondo<\/strong> di ogni progetto. Tutto viene accuratamente pianificato, controllato e realizzato a partire dalla <strong>prima richiesta<\/strong>, evidenziando anche le <strong>esigenze non espresse<\/strong>, e supportandovi dall&#8217;<strong>installazione<\/strong> lungo <strong>tutta la vita<\/strong> utile dell&#8217;impianto.<\/p>\n<ol>\n<li><strong>Proposta + layout<\/strong><\/li>\n<li><strong>Gestione del progetto<\/strong><\/li>\n<li><strong>Ingegneria interna<\/strong><\/li>\n<li><strong>Produzione<\/strong><\/li>\n<li><strong>Installazione in loco<\/strong><\/li>\n<li><strong>Avviamento, messa a punto, formazione<\/strong><\/li>\n<li><strong>Sicurezza e controllo dei processi &#8211; Sviluppo interno di software e soluzioni digitali<\/strong><\/li>\n<li><strong>Servizi, assistenza tecnica e ricambi<\/strong><\/li>\n<\/ol>\n<h3>\n\tTipi di <strong>impianti<\/strong>\n\t<\/h3>\n<h3>\n\t<strong>Layouting <\/strong>e progettazione\n\t<\/h3>\n\t<p>Nella progettazione di linee produttive, un <strong>corretto layouting <\/strong>\u00e8 una condizione fondamentale per determinare se l&#8217;impianto avr\u00e0 successo in termini di produttivit\u00e0, garantendo un <strong>effettivo ritorno sull&#8217;investimento<\/strong> e fornendo <strong>comfort<\/strong> agli operatori.<\/p>\n<p>Infatti, il successo di una linea di zincatura a caldo richiede la corretta e <strong>perfetta integrazione<\/strong> di vari elementi quali le caratteristiche geografiche del sito di costruzione e l&#8217;accessibilit\u00e0, i materiali, le risorse e l&#8217;energia, creando il <strong>miglior compromesso<\/strong> per soddisfare le esigenze e garantendo, in ultima analisi, l&#8217;ottimizzazione dei flussi produttivi anche attraverso l&#8217;analisi dei tempi di produzione.<\/p>\n<p>Con un&#8217;esperienza pluridecennale, costruita attraverso una continua spinta all&#8217;innovazione tecnologica e alla capacit\u00e0 di soddisfare le richieste delle aziende partner, GIMECO offre <strong>otto master layout<\/strong> altamente <strong>personalizzabili <\/strong>in base alle specifiche esigenze:<\/p>\n<h3>\n\t<b>Sistemi <\/b>ed equipaggiamenti\n\t<\/h3>\n<h3>\n\t\t\t<a href=\"https:\/\/gimeco.com\/it\/pretrattamento-post-processo\/\" title=\"Pretrattamento e Post-trattamento\" target=\"_self\">\n\tPretrattamento e Post-trattamento\n\t\t\t<\/a>\n\t<\/h3>\n\t<p>La <strong>preparazione accurata<\/strong> delle superfici metalliche \u00e8 fondamentale per garantire l&#8217;affidabilit\u00e0 e la durata delle leghe protettive acciaio-zinco&#8230;<\/p>\n\t<a href=\"https:\/\/gimeco.com\/it\/pretrattamento-post-processo\/\" target=\"_self\" role=\"button\">\n\t\t\t\t\tApprofondisci\n\t<\/a>\n<h3>\n\t\t\t<a href=\"https:\/\/gimeco.com\/it\/essiccatoi\/\" title=\"Essiccatoi\" target=\"_self\">\n\tEssiccatoi\n\t\t\t<\/a>\n\t<\/h3>\n\t<p>L&#8217;essicatoio, noto anche come forno di preriscaldamento, \u00e8 una <strong>fase cruciale<\/strong> del processo di zincatura di parti metalliche&#8230;<\/p>\n\t<a href=\"https:\/\/gimeco.com\/it\/essiccatoi\/\" target=\"_self\" role=\"button\">\n\t\t\t\t\tApprofondisci\n\t<\/a>\n<h3>\n\t\t\t<a href=\"https:\/\/gimeco.com\/it\/forni\/\" title=\"Forni\" target=\"_self\">\n\tForni\n\t\t\t<\/a>\n\t<\/h3>\n\t<p>Il forno \u00e8 il <strong>cuore pulsante<\/strong> dell&#8217;intero impianto di zincatura ed \u00e8 fondamentale sia per&#8230;<\/p>\n\t<a href=\"https:\/\/gimeco.com\/it\/forni\/\" target=\"_self\" role=\"button\">\n\t\t\t\t\tApprofondisci\n\t<\/a>\n<h3>\n\t\t\t<a href=\"https:\/\/gimeco.com\/it\/vasche-ed-equipaggiamenti-ausiliari\/\" title=\"Vasche ed Equipaggiamenti ausiliari\" target=\"_self\">\n\tVasche ed Equipaggiamenti ausiliari\n\t\t\t<\/a>\n\t<\/h3>\n\t<p>Tra i <strong>componenti chiave<\/strong> dell&#8217;intera linea di zincatura a caldo&#8230;<\/p>\n\t<a href=\"https:\/\/gimeco.com\/it\/vasche-ed-equipaggiamenti-ausiliari\/\" target=\"_self\" role=\"button\">\n\t\t\t\t\tApprofondisci\n\t<\/a>\n<h3>\n\t\t\t<a href=\"https:\/\/gimeco.com\/it\/movimentazione-automazione\/\" title=\"Movimentazione - Automazione\" target=\"_self\">\n\tMovimentazione &#8211; Automazione\n\t\t\t<\/a>\n\t<\/h3>\n\t<p>Le nostre proposte di movimentazione rappresentano un&#8217;<strong>innovazione cruciale <\/strong>per l&#8217;efficienza industriale&#8230;<\/p>\n\t<a href=\"https:\/\/gimeco.com\/it\/movimentazione-automazione\/\" target=\"_self\" role=\"button\">\n\t\t\t\t\tApprofondisci\n\t<\/a>\n<h3>\n\t\t\t<a href=\"https:\/\/gimeco.com\/it\/zincatura-tubi-e-condutture\/\" title=\"Zincatura di tubi e condutture\" target=\"_self\">\n\tZincatura di tubi e condutture\n\t\t\t<\/a>\n\t<\/h3>\n\t<p>Nel corso degli anni, e con un <strong>know-how rafforzato<\/strong> in seguito all&#8217;acquisizione della societ\u00e0 CO.T.IMP.I, abbiamo&#8230;<\/p>\n\t<a href=\"https:\/\/gimeco.com\/it\/zincatura-tubi-e-condutture\/\" target=\"_self\" role=\"button\">\n\t\t\t\t\tApprofondisci\n\t<\/a>\n<h3>\n\t\t\t<a href=\"https:\/\/gimeco.com\/it\/zincatura-automatica-a-centrifuga\/\" title=\"Zincatura automatica a centrifuga\" target=\"_self\">\n\tZincatura automatica a centrifuga\n\t\t\t<\/a>\n\t<\/h3>\n\t<p>Le linee di zincatura a caldo a centrifuga sono dedicate alla gestione di <strong>parti e componenti di piccole dimensioni<\/strong>&#8230;<\/p>\n\t<a href=\"https:\/\/gimeco.com\/it\/zincatura-automatica-a-centrifuga\/\" target=\"_self\" role=\"button\">\n\t\t\t\t\tApprofondisci\n\t<\/a>\n<h3>\n\t\t\t<a href=\"https:\/\/gimeco.com\/it\/mover\/\" title=\"MOVER\u2122&lt;br&gt;Movimentazione intelligente\" target=\"_self\">\n\tMOVER\u2122<br \/>Movimentazione intelligente\n\t\t\t<\/a>\n\t<\/h3>\n\t<p>In molte <strong>industrie manifatturiere<\/strong>, in particolare nella zincatura a caldo, che \u00e8 il principale&#8230;<\/p>\n\t<a href=\"https:\/\/gimeco.com\/it\/mover\/\" target=\"_self\" role=\"button\">\n\t\t\t\t\tApprofondisci\n\t<\/a>\n<h3>\n\t\t\t<a href=\"https:\/\/gimeco.com\/it\/neutralizzazione-rigenerazione\/\" title=\"Neutralizzazione e Rigenerazione\" target=\"_self\">\n\tNeutralizzazione e Rigenerazione\n\t\t\t<\/a>\n\t<\/h3>\n\t<p>I sistemi di rigenerazione dell&#8217;acido, di rigenerazione del flusso e di neutralizzazione dell&#8217;acido rappresentano il logico completamento di un impianto di zincatura a caldo&#8230;.<\/p>\n\t<a href=\"https:\/\/gimeco.com\/it\/neutralizzazione-rigenerazione\/\" target=\"_self\" role=\"button\">\n\t\t\t\t\tApprofondisci\n\t<\/a>\n<h3>\n\t\t\t<a href=\"https:\/\/gimeco.com\/it\/software\/\" title=\"Software\" target=\"_self\">\n\tSoftware\n\t\t\t<\/a>\n\t<\/h3>\n\t<p>GIMECO fornisce soluzioni software <strong>progettate internamente<\/strong> e completamente personalizzabili per l&#8217;industria della zincatura a caldo&#8230;<\/p>\n\t<a href=\"https:\/\/gimeco.com\/it\/software\/\" target=\"_self\" role=\"button\">\n\t\t\t\t\tApprofondisci\n\t<\/a>\n\n<\/div><!-- .vgblk-rw-wrapper -->","protected":false},"excerpt":{"rendered":"<p>Il core business di GIMECO, fin dalla sua fondazione, \u00e8 la progettazione e la messa in servizio di linee complete di zincatura a caldo chiavi in mano, che comprendono sistemi, equipaggiamenti e macchine, attrezzature ausiliarie e soluzioni digitali per ogni fase di processo. Le nostre soluzioni comprendono configurazioni standard con unit\u00e0 termiche (forno-essiccatoio) e processi&#8230;<\/p>\n","protected":false},"author":1,"featured_media":0,"parent":0,"menu_order":0,"comment_status":"closed","ping_status":"closed","template":"","meta":{"inline_featured_image":false,"footnotes":""},"class_list":["post-22099","page","type-page","status-publish","hentry"],"yoast_head":"<!-- This site is optimized with the Yoast SEO plugin v26.4 - https:\/\/yoast.com\/wordpress\/plugins\/seo\/ -->\n<title>Tecnologie per la zincatura a caldo | GIMECO Impianti<\/title>\n<meta name=\"description\" content=\"Il core business di GIMECO, fin dalla sua fondazione, \u00e8 la progettazione e la messa in servizio di linee complete di zincatura\" \/>\n<meta name=\"robots\" content=\"index, follow, max-snippet:-1, max-image-preview:large, max-video-preview:-1\" \/>\n<link rel=\"canonical\" href=\"https:\/\/gimeco.com\/it\/tecnologie\/\" \/>\n<meta property=\"og:locale\" content=\"it_IT\" \/>\n<meta property=\"og:type\" content=\"article\" \/>\n<meta property=\"og:title\" content=\"Tecnologie per la zincatura a caldo | GIMECO Impianti\" \/>\n<meta property=\"og:description\" content=\"Il core business di GIMECO, fin dalla sua fondazione, \u00e8 la progettazione e la messa in servizio di linee complete di zincatura\" \/>\n<meta property=\"og:url\" content=\"https:\/\/gimeco.com\/it\/tecnologie\/\" \/>\n<meta property=\"og:site_name\" content=\"GIMECO Impianti\" \/>\n<meta property=\"article:publisher\" content=\"https:\/\/www.facebook.com\/gimecogroup\" \/>\n<meta property=\"article:modified_time\" content=\"2026-03-13T09:17:51+00:00\" \/>\n<meta property=\"og:image\" content=\"https:\/\/gimeco.com\/wp-content\/uploads\/2023\/11\/Logo_GIMECO_StringNoPayoff-250.png\" \/>\n\t<meta property=\"og:image:width\" content=\"250\" \/>\n\t<meta property=\"og:image:height\" content=\"98\" \/>\n\t<meta property=\"og:image:type\" content=\"image\/png\" \/>\n<script type=\"application\/ld+json\" class=\"yoast-schema-graph\">{\"@context\":\"https:\/\/schema.org\",\"@graph\":[{\"@type\":\"WebPage\",\"@id\":\"https:\/\/gimeco.com\/it\/tecnologie\/\",\"url\":\"https:\/\/gimeco.com\/it\/tecnologie\/\",\"name\":\"Tecnologie per la zincatura a caldo | GIMECO Impianti\",\"isPartOf\":{\"@id\":\"https:\/\/gimeco.com\/#website\"},\"datePublished\":\"2024-05-17T09:10:06+00:00\",\"dateModified\":\"2026-03-13T09:17:51+00:00\",\"description\":\"Il core business di GIMECO, fin dalla sua fondazione, \u00e8 la progettazione e la messa in servizio di linee complete di zincatura\",\"breadcrumb\":{\"@id\":\"https:\/\/gimeco.com\/it\/tecnologie\/#breadcrumb\"},\"inLanguage\":\"it-IT\",\"potentialAction\":[{\"@type\":\"ReadAction\",\"target\":[\"https:\/\/gimeco.com\/it\/tecnologie\/\"]}]},{\"@type\":\"BreadcrumbList\",\"@id\":\"https:\/\/gimeco.com\/it\/tecnologie\/#breadcrumb\",\"itemListElement\":[{\"@type\":\"ListItem\",\"position\":1,\"name\":\"Home\",\"item\":\"https:\/\/gimeco.com\/it\/\"},{\"@type\":\"ListItem\",\"position\":2,\"name\":\"Tecnologie\"}]},{\"@type\":\"WebSite\",\"@id\":\"https:\/\/gimeco.com\/#website\",\"url\":\"https:\/\/gimeco.com\/\",\"name\":\"gimeco.com\",\"description\":\"Your Partner from A to Zink\",\"publisher\":{\"@id\":\"https:\/\/gimeco.com\/#organization\"},\"alternateName\":\"Gimeco\",\"potentialAction\":[{\"@type\":\"SearchAction\",\"target\":{\"@type\":\"EntryPoint\",\"urlTemplate\":\"https:\/\/gimeco.com\/?s={search_term_string}\"},\"query-input\":{\"@type\":\"PropertyValueSpecification\",\"valueRequired\":true,\"valueName\":\"search_term_string\"}}],\"inLanguage\":\"it-IT\"},{\"@type\":\"Organization\",\"@id\":\"https:\/\/gimeco.com\/#organization\",\"name\":\"Gimeco\",\"url\":\"https:\/\/gimeco.com\/\",\"logo\":{\"@type\":\"ImageObject\",\"inLanguage\":\"it-IT\",\"@id\":\"https:\/\/gimeco.com\/#\/schema\/logo\/image\/\",\"url\":\"https:\/\/gimeco.com\/wp-content\/uploads\/2023\/11\/Logo_GIMECO_StringNoPayoff-250.png\",\"contentUrl\":\"https:\/\/gimeco.com\/wp-content\/uploads\/2023\/11\/Logo_GIMECO_StringNoPayoff-250.png\",\"width\":250,\"height\":98,\"caption\":\"Gimeco\"},\"image\":{\"@id\":\"https:\/\/gimeco.com\/#\/schema\/logo\/image\/\"},\"sameAs\":[\"https:\/\/www.facebook.com\/gimecogroup\"]}]}<\/script>\n<!-- \/ Yoast SEO plugin. -->","yoast_head_json":{"title":"Tecnologie per la zincatura a caldo | GIMECO Impianti","description":"Il core business di GIMECO, fin dalla sua fondazione, \u00e8 la progettazione e la messa in servizio di linee complete di zincatura","robots":{"index":"index","follow":"follow","max-snippet":"max-snippet:-1","max-image-preview":"max-image-preview:large","max-video-preview":"max-video-preview:-1"},"canonical":"https:\/\/gimeco.com\/it\/tecnologie\/","og_locale":"it_IT","og_type":"article","og_title":"Tecnologie per la zincatura a caldo | GIMECO Impianti","og_description":"Il core business di GIMECO, fin dalla sua fondazione, \u00e8 la progettazione e la messa in servizio di linee complete di zincatura","og_url":"https:\/\/gimeco.com\/it\/tecnologie\/","og_site_name":"GIMECO Impianti","article_publisher":"https:\/\/www.facebook.com\/gimecogroup","article_modified_time":"2026-03-13T09:17:51+00:00","og_image":[{"width":250,"height":98,"url":"https:\/\/gimeco.com\/wp-content\/uploads\/2023\/11\/Logo_GIMECO_StringNoPayoff-250.png","type":"image\/png"}],"schema":{"@context":"https:\/\/schema.org","@graph":[{"@type":"WebPage","@id":"https:\/\/gimeco.com\/it\/tecnologie\/","url":"https:\/\/gimeco.com\/it\/tecnologie\/","name":"Tecnologie per la zincatura a caldo | GIMECO Impianti","isPartOf":{"@id":"https:\/\/gimeco.com\/#website"},"datePublished":"2024-05-17T09:10:06+00:00","dateModified":"2026-03-13T09:17:51+00:00","description":"Il core business di GIMECO, fin dalla sua fondazione, \u00e8 la progettazione e la messa in servizio di linee complete di zincatura","breadcrumb":{"@id":"https:\/\/gimeco.com\/it\/tecnologie\/#breadcrumb"},"inLanguage":"it-IT","potentialAction":[{"@type":"ReadAction","target":["https:\/\/gimeco.com\/it\/tecnologie\/"]}]},{"@type":"BreadcrumbList","@id":"https:\/\/gimeco.com\/it\/tecnologie\/#breadcrumb","itemListElement":[{"@type":"ListItem","position":1,"name":"Home","item":"https:\/\/gimeco.com\/it\/"},{"@type":"ListItem","position":2,"name":"Tecnologie"}]},{"@type":"WebSite","@id":"https:\/\/gimeco.com\/#website","url":"https:\/\/gimeco.com\/","name":"gimeco.com","description":"Your Partner from A to Zink","publisher":{"@id":"https:\/\/gimeco.com\/#organization"},"alternateName":"Gimeco","potentialAction":[{"@type":"SearchAction","target":{"@type":"EntryPoint","urlTemplate":"https:\/\/gimeco.com\/?s={search_term_string}"},"query-input":{"@type":"PropertyValueSpecification","valueRequired":true,"valueName":"search_term_string"}}],"inLanguage":"it-IT"},{"@type":"Organization","@id":"https:\/\/gimeco.com\/#organization","name":"Gimeco","url":"https:\/\/gimeco.com\/","logo":{"@type":"ImageObject","inLanguage":"it-IT","@id":"https:\/\/gimeco.com\/#\/schema\/logo\/image\/","url":"https:\/\/gimeco.com\/wp-content\/uploads\/2023\/11\/Logo_GIMECO_StringNoPayoff-250.png","contentUrl":"https:\/\/gimeco.com\/wp-content\/uploads\/2023\/11\/Logo_GIMECO_StringNoPayoff-250.png","width":250,"height":98,"caption":"Gimeco"},"image":{"@id":"https:\/\/gimeco.com\/#\/schema\/logo\/image\/"},"sameAs":["https:\/\/www.facebook.com\/gimecogroup"]}]}},"_links":{"self":[{"href":"https:\/\/gimeco.com\/it\/wp-json\/wp\/v2\/pages\/22099","targetHints":{"allow":["GET"]}}],"collection":[{"href":"https:\/\/gimeco.com\/it\/wp-json\/wp\/v2\/pages"}],"about":[{"href":"https:\/\/gimeco.com\/it\/wp-json\/wp\/v2\/types\/page"}],"author":[{"embeddable":true,"href":"https:\/\/gimeco.com\/it\/wp-json\/wp\/v2\/users\/1"}],"replies":[{"embeddable":true,"href":"https:\/\/gimeco.com\/it\/wp-json\/wp\/v2\/comments?post=22099"}],"version-history":[{"count":17,"href":"https:\/\/gimeco.com\/it\/wp-json\/wp\/v2\/pages\/22099\/revisions"}],"predecessor-version":[{"id":25833,"href":"https:\/\/gimeco.com\/it\/wp-json\/wp\/v2\/pages\/22099\/revisions\/25833"}],"wp:attachment":[{"href":"https:\/\/gimeco.com\/it\/wp-json\/wp\/v2\/media?parent=22099"}],"curies":[{"name":"wp","href":"https:\/\/api.w.org\/{rel}","templated":true}]}}